{"id":948,"date":"2021-09-26T18:24:40","date_gmt":"2021-09-26T18:24:40","guid":{"rendered":"https:\/\/bogaziciolimpikyuzme.org\/?page_id=948"},"modified":"2021-09-26T18:24:40","modified_gmt":"2021-09-26T18:24:40","slug":"sertifikalar-2021","status":"publish","type":"page","link":"https:\/\/bogaziciolimpikyuzme.org\/?page_id=948","title":{"rendered":"2021 Sertifikalar"},"content":{"rendered":"\n<p>Sertifikalar\u0131n\u0131z her yar\u0131\u015fmac\u0131n\u0131n ismine \u00f6zel haz\u0131rlanm\u0131\u015ft\u0131r.<\/p>\n\n\n\n<p>A\u015fa\u011f\u0131daki linkten kendi isminize ait sertifikay\u0131 kontrol edip indirebilirsiniz.<\/p>\n\n\n\n<p><a href=\"https:\/\/drive.google.com\/drive\/folders\/1J7Jb1qzrrD9NqkhrK7wNZS9ir6dITNV4?usp=sharing\">https:\/\/drive.google.com\/drive\/folders\/1J7Jb1qzrrD9NqkhrK7wNZS9ir6dITNV4?usp=sharing<\/a><\/p>\n","protected":false},"excerpt":{"rendered":"<p>Sertifikalar\u0131n\u0131z her yar\u0131\u015fmac\u0131n\u0131n ismine \u00f6zel haz\u0131rlanm\u0131\u015ft\u0131r. A\u015fa\u011f\u0131daki linkten kendi isminize ait sertifikay\u0131 kontrol edip indirebilirsiniz. https:\/\/drive.google.com\/drive\/folders\/1J7Jb1qzrrD9NqkhrK7wNZS9ir6dITNV4?usp=sharing<\/p>\n","protected":false},"author":1,"featured_media":0,"parent":0,"menu_order":0,"comment_status":"closed","ping_status":"closed","template":"","meta":{"footnotes":""},"class_list":["post-948","page","type-page","status-publish","hentry"],"_links":{"self":[{"href":"https:\/\/bogaziciolimpikyuzme.org\/index.php?rest_route=\/wp\/v2\/pages\/948","targetHints":{"allow":["GET"]}}],"collection":[{"href":"https:\/\/bogaziciolimpikyuzme.org\/index.php?rest_route=\/wp\/v2\/pages"}],"about":[{"href":"https:\/\/bogaziciolimpikyuzme.org\/index.php?rest_route=\/wp\/v2\/types\/page"}],"author":[{"embeddable":true,"href":"https:\/\/bogaziciolimpikyuzme.org\/index.php?rest_route=\/wp\/v2\/users\/1"}],"replies":[{"embeddable":true,"href":"https:\/\/bogaziciolimpikyuzme.org\/index.php?rest_route=%2Fwp%2Fv2%2Fcomments&post=948"}],"version-history":[{"count":0,"href":"https:\/\/bogaziciolimpikyuzme.org\/index.php?rest_route=\/wp\/v2\/pages\/948\/revisions"}],"wp:attachment":[{"href":"https:\/\/bogaziciolimpikyuzme.org\/index.php?rest_route=%2Fwp%2Fv2%2Fmedia&parent=948"}],"curies":[{"name":"wp","href":"https:\/\/api.w.org\/{rel}","templated":true}]}}