{"id":220,"date":"2015-12-17T07:17:58","date_gmt":"2015-12-17T07:17:58","guid":{"rendered":"http:\/\/webriti.com\/demo\/wp\/lite\/rambo\/?page_id=8"},"modified":"2022-05-26T14:20:49","modified_gmt":"2022-05-26T14:20:49","slug":"hakkimizda","status":"publish","type":"page","link":"https:\/\/bogaziciolimpikyuzme.org\/?page_id=220","title":{"rendered":"Hakk\u0131m\u0131zda"},"content":{"rendered":"<p style=\"text-align: center;\"><img loading=\"lazy\" decoding=\"async\" class=\"alignleft size-thumbnail wp-image-1208\" src=\"https:\/\/bogaziciolimpikyuzme.org\/wp-content\/uploads\/2022\/05\/Logo_Son-150x150.jpg\" alt=\"\" width=\"150\" height=\"150\" \/><\/p>\n<p style=\"text-align: center;\"><span style=\"color: #ff0000;\"><strong>BO\u011eAZ\u0130\u00c7\u0130 OL\u0130MP\u0130K Y\u00dcZME SPOR \u00a0KUL\u00dcB\u00dc<\/strong><\/span><\/p>\n<p style=\"text-align: center;\"><strong style=\"font-size: revert; text-align: left; color: initial;\">\u00a0 \u00a0\u00d6M\u00dcR BOYU SA\u011eLIK \u0130\u00c7\u0130N YA\u015eAM BOYU SPOR<\/strong><\/p>\n<div class=\"span6\">\n<p style=\"padding-left: 160px;\">Bizler y\u00fczme sporuna g\u00f6n\u00fcl vermi\u015f, de\u011fi\u015fik meslek gruplar\u0131na mensup master y\u00fcz\u00fcc\u00fcleriz.<\/p>\n<p style=\"padding-left: 160px;\">Havuz yar\u0131\u015flar\u0131na ve A\u00e7\u0131k Deniz y\u00fczme yar\u0131\u015flar\u0131na kat\u0131l\u0131yoruz.<\/p>\n<p style=\"padding-left: 160px;\">\u0130stanbul Bo\u011faz\u0131, \u00c7anakkale Bo\u011faz\u0131, Meis-Ka\u015f Maratonu, Alanya Maratonu gibi parkurlarda y\u00fcz\u00fcyoruz<\/p>\n<p style=\"padding-left: 160px;\">Y\u00fczme sporunu geni\u015f kitlelere tan\u0131tmak ve sevdirmek gibi bir misyonu \u00fcstlenmi\u015f bulunuyoruz.<\/p>\n<p style=\"padding-left: 160px;\"><strong>\u00d6M\u00dcR BOYU SA\u011eLIK \u0130\u00c7\u0130N YA\u015eAM BOYU SPOR<\/strong> slogan\u0131yla kamuoyunu sporla kal\u0131c\u0131 bir \u015fekilde tan\u0131\u015ft\u0131rmak istiyoruz.<\/p>\n<p style=\"padding-left: 160px;\">Sporun, Bar\u0131\u015f, Dostluk ve Karde\u015flik a\u00e7\u0131s\u0131ndan ya\u015fam\u0131n vazge\u00e7ilmez bir unsuru oldu\u011funu kabul ediyoruz.<\/p>\n<p style=\"padding-left: 160px;\">Sporda Fairplay olgusunun kal\u0131c\u0131 hale gelmesi, de\u011fi\u015fik d\u00fcnya g\u00f6r\u00fc\u015flerine sahip ki\u015filer aras\u0131nda bar\u0131\u015f ve dostluk k\u00f6pr\u00fcs\u00fc olu\u015fturmas\u0131 \u00f6nde gelen hedefimizdir.<\/p>\n<p style=\"padding-left: 160px;\">\u00dclkemizin gelece\u011fi olan gen\u00e7lerimizin ruh ve beden sa\u011fl\u0131klar\u0131 i\u00e7in sporun temel bir unsur oldu\u011funu d\u00fc\u015f\u00fcn\u00fcyoruz.<\/p>\n<p style=\"padding-left: 160px;\">Ulu \u00d6nderimizin ifade etti\u011fi gibi; Zeki, \u00c7evik, Ahlakl\u0131 sporcular\u0131n yeti\u015fmesinde \u00fclkemize ve milletimize hizmet etmek arzusunday\u0131z.<\/p>\n<\/div>\n<div class=\"span6\" style=\"padding-left: 160px;\"><\/div>\n","protected":false},"excerpt":{"rendered":"<p>BO\u011eAZ\u0130\u00c7\u0130 OL\u0130MP\u0130K Y\u00dcZME SPOR \u00a0KUL\u00dcB\u00dc \u00a0 \u00a0\u00d6M\u00dcR BOYU SA\u011eLIK \u0130\u00c7\u0130N YA\u015eAM BOYU SPOR Bizler y\u00fczme sporuna g\u00f6n\u00fcl vermi\u015f, de\u011fi\u015fik meslek gruplar\u0131na mensup master y\u00fcz\u00fcc\u00fcleriz. Havuz yar\u0131\u015flar\u0131na ve A\u00e7\u0131k Deniz y\u00fczme yar\u0131\u015flar\u0131na kat\u0131l\u0131yoruz. \u0130stanbul Bo\u011faz\u0131, \u00c7anakkale Bo\u011faz\u0131, Meis-Ka\u015f Maratonu, Alanya Maratonu gibi parkurlarda y\u00fcz\u00fcyoruz Y\u00fczme sporunu geni\u015f kitlelere tan\u0131tmak ve sevdirmek gibi bir misyonu \u00fcstlenmi\u015f bulunuyoruz. [&hellip;]<\/p>\n","protected":false},"author":1,"featured_media":0,"parent":0,"menu_order":0,"comment_status":"closed","ping_status":"closed","template":"","meta":{"footnotes":""},"class_list":["post-220","page","type-page","status-publish","hentry"],"_links":{"self":[{"href":"https:\/\/bogaziciolimpikyuzme.org\/index.php?rest_route=\/wp\/v2\/pages\/220","targetHints":{"allow":["GET"]}}],"collection":[{"href":"https:\/\/bogaziciolimpikyuzme.org\/index.php?rest_route=\/wp\/v2\/pages"}],"about":[{"href":"https:\/\/bogaziciolimpikyuzme.org\/index.php?rest_route=\/wp\/v2\/types\/page"}],"author":[{"embeddable":true,"href":"https:\/\/bogaziciolimpikyuzme.org\/index.php?rest_route=\/wp\/v2\/users\/1"}],"replies":[{"embeddable":true,"href":"https:\/\/bogaziciolimpikyuzme.org\/index.php?rest_route=%2Fwp%2Fv2%2Fcomments&post=220"}],"version-history":[{"count":11,"href":"https:\/\/bogaziciolimpikyuzme.org\/index.php?rest_route=\/wp\/v2\/pages\/220\/revisions"}],"predecessor-version":[{"id":1228,"href":"https:\/\/bogaziciolimpikyuzme.org\/index.php?rest_route=\/wp\/v2\/pages\/220\/revisions\/1228"}],"wp:attachment":[{"href":"https:\/\/bogaziciolimpikyuzme.org\/index.php?rest_route=%2Fwp%2Fv2%2Fmedia&parent=220"}],"curies":[{"name":"wp","href":"https:\/\/api.w.org\/{rel}","templated":true}]}}