{"id":2115,"date":"2026-05-13T15:49:50","date_gmt":"2026-05-13T15:49:50","guid":{"rendered":"https:\/\/bogaziciolimpikyuzme.org\/?page_id=2115"},"modified":"2026-05-13T15:49:50","modified_gmt":"2026-05-13T15:49:50","slug":"2026-b-cekmece-veli-izin-belgesi","status":"publish","type":"page","link":"https:\/\/bogaziciolimpikyuzme.org\/?page_id=2115","title":{"rendered":"2026 B.\u00c7ekmece Veli \u0130zin Belgesi"},"content":{"rendered":"\n<div data-wp-interactive=\"core\/file\" class=\"wp-block-file\"><object data-wp-bind--hidden=\"!state.hasPdfPreview\" hidden class=\"wp-block-file__embed\" data=\"https:\/\/bogaziciolimpikyuzme.org\/wp-content\/uploads\/2026\/05\/B.CEKMECE-2026-VELI-IZIN-BELGESI.pdf\" type=\"application\/pdf\" style=\"width:100%;height:600px\" aria-label=\"B.\u00c7EKMECE 2026 VEL\u0130 \u0130Z\u0130N BELGES\u0130 g\u00f6m\u00fcs\u00fc.\"><\/object><a id=\"wp-block-file--media-1354b308-22f3-4009-a60a-cbb223658377\" href=\"https:\/\/bogaziciolimpikyuzme.org\/wp-content\/uploads\/2026\/05\/B.CEKMECE-2026-VELI-IZIN-BELGESI.pdf\">B.\u00c7EKMECE 2026 VEL\u0130 \u0130Z\u0130N BELGES\u0130<\/a><a href=\"https:\/\/bogaziciolimpikyuzme.org\/wp-content\/uploads\/2026\/05\/B.CEKMECE-2026-VELI-IZIN-BELGESI.pdf\" class=\"wp-block-file__button wp-element-button\" download aria-describedby=\"wp-block-file--media-1354b308-22f3-4009-a60a-cbb223658377\">\u0130ndir<\/a><\/div>\n","protected":false},"excerpt":{"rendered":"","protected":false},"author":1,"featured_media":0,"parent":0,"menu_order":0,"comment_status":"closed","ping_status":"closed","template":"","meta":{"footnotes":""},"class_list":["post-2115","page","type-page","status-publish","hentry"],"_links":{"self":[{"href":"https:\/\/bogaziciolimpikyuzme.org\/index.php?rest_route=\/wp\/v2\/pages\/2115","targetHints":{"allow":["GET"]}}],"collection":[{"href":"https:\/\/bogaziciolimpikyuzme.org\/index.php?rest_route=\/wp\/v2\/pages"}],"about":[{"href":"https:\/\/bogaziciolimpikyuzme.org\/index.php?rest_route=\/wp\/v2\/types\/page"}],"author":[{"embeddable":true,"href":"https:\/\/bogaziciolimpikyuzme.org\/index.php?rest_route=\/wp\/v2\/users\/1"}],"replies":[{"embeddable":true,"href":"https:\/\/bogaziciolimpikyuzme.org\/index.php?rest_route=%2Fwp%2Fv2%2Fcomments&post=2115"}],"version-history":[{"count":1,"href":"https:\/\/bogaziciolimpikyuzme.org\/index.php?rest_route=\/wp\/v2\/pages\/2115\/revisions"}],"predecessor-version":[{"id":2117,"href":"https:\/\/bogaziciolimpikyuzme.org\/index.php?rest_route=\/wp\/v2\/pages\/2115\/revisions\/2117"}],"wp:attachment":[{"href":"https:\/\/bogaziciolimpikyuzme.org\/index.php?rest_route=%2Fwp%2Fv2%2Fmedia&parent=2115"}],"curies":[{"name":"wp","href":"https:\/\/api.w.org\/{rel}","templated":true}]}}