{"id":2112,"date":"2026-05-13T15:48:38","date_gmt":"2026-05-13T15:48:38","guid":{"rendered":"https:\/\/bogaziciolimpikyuzme.org\/?page_id=2112"},"modified":"2026-05-13T15:48:38","modified_gmt":"2026-05-13T15:48:38","slug":"2026-buyukcekmece-taahhutname","status":"publish","type":"page","link":"https:\/\/bogaziciolimpikyuzme.org\/?page_id=2112","title":{"rendered":"2026 B\u00fcy\u00fck\u00e7ekmece Taahh\u00fctname"},"content":{"rendered":"\n<div data-wp-interactive=\"core\/file\" class=\"wp-block-file\"><object data-wp-bind--hidden=\"!state.hasPdfPreview\" hidden class=\"wp-block-file__embed\" data=\"https:\/\/bogaziciolimpikyuzme.org\/wp-content\/uploads\/2026\/05\/B.CEKMECE-2026-TAAHHUTNAME.pdf\" type=\"application\/pdf\" style=\"width:100%;height:600px\" aria-label=\"B.\u00c7EKMECE 2026 TAAHH\u00dcTNAME g\u00f6m\u00fcs\u00fc.\"><\/object><a id=\"wp-block-file--media-5d964c75-321b-4d23-a841-d26e337d3ecc\" href=\"https:\/\/bogaziciolimpikyuzme.org\/wp-content\/uploads\/2026\/05\/B.CEKMECE-2026-TAAHHUTNAME.pdf\">B.\u00c7EKMECE 2026 TAAHH\u00dcTNAME<\/a><a href=\"https:\/\/bogaziciolimpikyuzme.org\/wp-content\/uploads\/2026\/05\/B.CEKMECE-2026-TAAHHUTNAME.pdf\" class=\"wp-block-file__button wp-element-button\" download aria-describedby=\"wp-block-file--media-5d964c75-321b-4d23-a841-d26e337d3ecc\">\u0130ndir<\/a><\/div>\n","protected":false},"excerpt":{"rendered":"","protected":false},"author":1,"featured_media":0,"parent":0,"menu_order":0,"comment_status":"closed","ping_status":"closed","template":"","meta":{"footnotes":""},"class_list":["post-2112","page","type-page","status-publish","hentry"],"_links":{"self":[{"href":"https:\/\/bogaziciolimpikyuzme.org\/index.php?rest_route=\/wp\/v2\/pages\/2112","targetHints":{"allow":["GET"]}}],"collection":[{"href":"https:\/\/bogaziciolimpikyuzme.org\/index.php?rest_route=\/wp\/v2\/pages"}],"about":[{"href":"https:\/\/bogaziciolimpikyuzme.org\/index.php?rest_route=\/wp\/v2\/types\/page"}],"author":[{"embeddable":true,"href":"https:\/\/bogaziciolimpikyuzme.org\/index.php?rest_route=\/wp\/v2\/users\/1"}],"replies":[{"embeddable":true,"href":"https:\/\/bogaziciolimpikyuzme.org\/index.php?rest_route=%2Fwp%2Fv2%2Fcomments&post=2112"}],"version-history":[{"count":1,"href":"https:\/\/bogaziciolimpikyuzme.org\/index.php?rest_route=\/wp\/v2\/pages\/2112\/revisions"}],"predecessor-version":[{"id":2114,"href":"https:\/\/bogaziciolimpikyuzme.org\/index.php?rest_route=\/wp\/v2\/pages\/2112\/revisions\/2114"}],"wp:attachment":[{"href":"https:\/\/bogaziciolimpikyuzme.org\/index.php?rest_route=%2Fwp%2Fv2%2Fmedia&parent=2112"}],"curies":[{"name":"wp","href":"https:\/\/api.w.org\/{rel}","templated":true}]}}