{"id":2107,"date":"2026-05-13T15:43:07","date_gmt":"2026-05-13T15:43:07","guid":{"rendered":"https:\/\/bogaziciolimpikyuzme.org\/?page_id=2107"},"modified":"2026-05-13T15:43:07","modified_gmt":"2026-05-13T15:43:07","slug":"2026-buyukcekmece-parkur","status":"publish","type":"page","link":"https:\/\/bogaziciolimpikyuzme.org\/?page_id=2107","title":{"rendered":"2026 B\u00fcy\u00fck\u00e7ekmece Parkur"},"content":{"rendered":"\n<figure class=\"wp-block-image size-large\"><img loading=\"lazy\" decoding=\"async\" width=\"1024\" height=\"558\" src=\"https:\/\/bogaziciolimpikyuzme.org\/wp-content\/uploads\/2026\/05\/B.CEKMECE-2026-3K-1.5K-1024x558.jpg\" alt=\"\" class=\"wp-image-2108\" srcset=\"https:\/\/bogaziciolimpikyuzme.org\/wp-content\/uploads\/2026\/05\/B.CEKMECE-2026-3K-1.5K-1024x558.jpg 1024w, https:\/\/bogaziciolimpikyuzme.org\/wp-content\/uploads\/2026\/05\/B.CEKMECE-2026-3K-1.5K-300x163.jpg 300w, https:\/\/bogaziciolimpikyuzme.org\/wp-content\/uploads\/2026\/05\/B.CEKMECE-2026-3K-1.5K-768x418.jpg 768w, https:\/\/bogaziciolimpikyuzme.org\/wp-content\/uploads\/2026\/05\/B.CEKMECE-2026-3K-1.5K.jpg 1162w\" sizes=\"auto, (max-width: 1024px) 100vw, 1024px\" \/><\/figure>\n","protected":false},"excerpt":{"rendered":"","protected":false},"author":1,"featured_media":0,"parent":0,"menu_order":0,"comment_status":"closed","ping_status":"closed","template":"","meta":{"footnotes":""},"class_list":["post-2107","page","type-page","status-publish","hentry"],"_links":{"self":[{"href":"https:\/\/bogaziciolimpikyuzme.org\/index.php?rest_route=\/wp\/v2\/pages\/2107","targetHints":{"allow":["GET"]}}],"collection":[{"href":"https:\/\/bogaziciolimpikyuzme.org\/index.php?rest_route=\/wp\/v2\/pages"}],"about":[{"href":"https:\/\/bogaziciolimpikyuzme.org\/index.php?rest_route=\/wp\/v2\/types\/page"}],"author":[{"embeddable":true,"href":"https:\/\/bogaziciolimpikyuzme.org\/index.php?rest_route=\/wp\/v2\/users\/1"}],"replies":[{"embeddable":true,"href":"https:\/\/bogaziciolimpikyuzme.org\/index.php?rest_route=%2Fwp%2Fv2%2Fcomments&post=2107"}],"version-history":[{"count":1,"href":"https:\/\/bogaziciolimpikyuzme.org\/index.php?rest_route=\/wp\/v2\/pages\/2107\/revisions"}],"predecessor-version":[{"id":2109,"href":"https:\/\/bogaziciolimpikyuzme.org\/index.php?rest_route=\/wp\/v2\/pages\/2107\/revisions\/2109"}],"wp:attachment":[{"href":"https:\/\/bogaziciolimpikyuzme.org\/index.php?rest_route=%2Fwp%2Fv2%2Fmedia&parent=2107"}],"curies":[{"name":"wp","href":"https:\/\/api.w.org\/{rel}","templated":true}]}}