{"id":2079,"date":"2025-09-29T06:12:54","date_gmt":"2025-09-29T06:12:54","guid":{"rendered":"https:\/\/bogaziciolimpikyuzme.org\/?page_id=2079"},"modified":"2025-09-29T06:21:21","modified_gmt":"2025-09-29T06:21:21","slug":"2025-iskenderun-start-listesi","status":"publish","type":"page","link":"https:\/\/bogaziciolimpikyuzme.org\/?page_id=2079","title":{"rendered":"2025 \u0130skenderun Start Listesi"},"content":{"rendered":"\n<div data-wp-interactive=\"core\/file\" class=\"wp-block-file\"><object data-wp-bind--hidden=\"!state.hasPdfPreview\" hidden class=\"wp-block-file__embed\" data=\"https:\/\/bogaziciolimpikyuzme.org\/wp-content\/uploads\/2025\/09\/ISKENDERUN-2025-START-LISTESI-AB-1.pdf\" type=\"application\/pdf\" style=\"width:100%;height:600px\" aria-label=\"\u0130SKENDERUN  2025 START L\u0130STES\u0130 AB g\u00f6m\u00fcs\u00fc.\"><\/object><a id=\"wp-block-file--media-3cffc62d-4974-439f-975b-9903cbc372e8\" href=\"https:\/\/bogaziciolimpikyuzme.org\/wp-content\/uploads\/2025\/09\/ISKENDERUN-2025-START-LISTESI-AB-1.pdf\">\u0130SKENDERUN  2025 START L\u0130STES\u0130 AB<\/a><a href=\"https:\/\/bogaziciolimpikyuzme.org\/wp-content\/uploads\/2025\/09\/ISKENDERUN-2025-START-LISTESI-AB-1.pdf\" class=\"wp-block-file__button wp-element-button\" download aria-describedby=\"wp-block-file--media-3cffc62d-4974-439f-975b-9903cbc372e8\">\u0130ndir<\/a><\/div>\n","protected":false},"excerpt":{"rendered":"","protected":false},"author":1,"featured_media":0,"parent":0,"menu_order":0,"comment_status":"closed","ping_status":"closed","template":"","meta":{"footnotes":""},"class_list":["post-2079","page","type-page","status-publish","hentry"],"_links":{"self":[{"href":"https:\/\/bogaziciolimpikyuzme.org\/index.php?rest_route=\/wp\/v2\/pages\/2079","targetHints":{"allow":["GET"]}}],"collection":[{"href":"https:\/\/bogaziciolimpikyuzme.org\/index.php?rest_route=\/wp\/v2\/pages"}],"about":[{"href":"https:\/\/bogaziciolimpikyuzme.org\/index.php?rest_route=\/wp\/v2\/types\/page"}],"author":[{"embeddable":true,"href":"https:\/\/bogaziciolimpikyuzme.org\/index.php?rest_route=\/wp\/v2\/users\/1"}],"replies":[{"embeddable":true,"href":"https:\/\/bogaziciolimpikyuzme.org\/index.php?rest_route=%2Fwp%2Fv2%2Fcomments&post=2079"}],"version-history":[{"count":2,"href":"https:\/\/bogaziciolimpikyuzme.org\/index.php?rest_route=\/wp\/v2\/pages\/2079\/revisions"}],"predecessor-version":[{"id":2084,"href":"https:\/\/bogaziciolimpikyuzme.org\/index.php?rest_route=\/wp\/v2\/pages\/2079\/revisions\/2084"}],"wp:attachment":[{"href":"https:\/\/bogaziciolimpikyuzme.org\/index.php?rest_route=%2Fwp%2Fv2%2Fmedia&parent=2079"}],"curies":[{"name":"wp","href":"https:\/\/api.w.org\/{rel}","templated":true}]}}