{"id":2070,"date":"2025-07-20T11:51:08","date_gmt":"2025-07-20T11:51:08","guid":{"rendered":"https:\/\/bogaziciolimpikyuzme.org\/?page_id=2070"},"modified":"2025-07-20T11:51:08","modified_gmt":"2025-07-20T11:51:08","slug":"2025-mudanya-yarisma-raporu","status":"publish","type":"page","link":"https:\/\/bogaziciolimpikyuzme.org\/?page_id=2070","title":{"rendered":"2025 Mudanya Yar\u0131\u015fma Raporu"},"content":{"rendered":"\n<ol start=\"4\" class=\"wp-block-list\">\n<li>MUDANYA KORFEZ\u0130 AC\u0130KDEN\u0130Z YUZME MARATONU 12km 19.07.2025<\/li>\n<\/ol>\n\n\n\n<p>YARI\u015eMA. RAPORU<\/p>\n\n\n\n<p>\u00c7ok \u015f\u00fck\u00fcr ba\u015far\u0131 ile ve sa\u011f salim icra ettik..Allah CC sonsuz \u015f\u00fck\u00fcrler olsun .<\/p>\n\n\n\n<p>Cuma ak\u015fami sporcular,antren\u00f6rler,hakemler ve tekne kaptanlarinin katilimiyla toplant\u0131 yaptik..Yar\u0131\u015fma ile ilgili parkur,r\u00fczgar ak\u0131nt\u0131 vs bilgileri payla\u015ft\u0131k .<\/p>\n\n\n\n<p>Cumartesi sabah 05.30 de Mudanya Marinada topland\u0131k ve 06.00 da Kapakl\u0131 start yerine hareket ettik..<br>Yar\u0131\u015fma sabah 07.55 de ba\u015fladi .<br>Sporcular sakin bir havada ve durgun bir denizde yuzduler\u2026Refakat tekneleri e\u015fli\u011finde Mudanya ya do\u011fru keyifli ama bir o kadar da zorlu bir m\u00fccadele ba\u015flad\u0131 .T\u00fcm sporcular yar\u0131\u015fmay\u0131 tamamlad\u0131..Hepsini ayr\u0131 ayr\u0131 tebrik ediyoruz..<\/p>\n\n\n\n<p>Yar\u0131\u015fmam\u0131zda sa\u011fl\u0131k ve g\u00fcvenlik tedbirleri en \u00fcst seviyede uygulandi..<br>Bir adet K\u0131rm\u0131z\u0131 Ambulans ve AFAD kara unsurlari olumsuz bir duruma kar\u015f\u0131l\u0131k sahilde yar\u0131\u015f boyunca haz\u0131r bekledi .<br>Sahil G\u00fcvenlik Komutanliginca gorevlendirilen 2 adet KB bot ve 2 adet Degak bot yar\u0131\u015f boyunca k\u00f6rfezde g\u00f6rev yapt\u0131..T\u00fcm parkurun g\u00fcvenli\u011fini sa\u011flad\u0131..<br>Deniz Polisi taraf\u0131ndan g\u00f6revlendirilen 2 adet KB01 botu yar\u0131\u015f boyunca hem parkur g\u00fcvenli\u011fini hem de sporcular\u0131n guvenligini sa\u011flad\u0131.<br>Mudanya Belediyesi taraf\u0131ndan g\u00f6revlendirilen 1 adet MAK botu da yar\u0131\u015f boyunca sporculara destek verdi..<br>Yar\u0131\u015fma boyunca toplam 7 adet guvenlik teknesi g\u00f6rev yapmi\u015f oldu..<\/p>\n\n\n\n<p>Yar\u0131\u015fmada 10 sporcu m\u00fccadele etti .<br>Her sporcu i\u00e7in ayr\u0131 bir tekne olmak \u00fczere 10 adet refakat teknesi yar\u0131\u015f boyunca sporculara e\u015flik etti .Bu teknelerde 1 aciksu hakemi ve sporcunun \u00f6zel antren\u00f6r\u00fc g\u00f6rev yapt\u0131..<\/p>\n\n\n\n<p>Liman Baskanligi ve K\u0131y\u0131 Emniyet mensuplar\u0131 k\u00f6rfezdeki seyri seferi devaml\u0131 takip ederek sporcular\u0131n g\u00fcvenli\u011fi konusunda tam katk\u0131 sa\u011flad\u0131lar .<\/p>\n\n\n\n<p>Yar\u0131\u015fmam\u0131za destek veren Mudanya Kaymakam\u0131 Sn Ayhan TERZ\u0130 i Beye ve Mudanya Belediye Ba\u015fkani Sn Deniz DALGI\u00c7 Beye k\u0131ymetli destekleri icin \u015f\u00fckranlar\u0131m\u0131z\u0131 arz ediyoruz.<\/p>\n\n\n\n<p>Sahil Guvenlik Komutanl\u0131\u011f\u0131na, Deniz Polisine,AFAD yetkililerine ve Sa\u011fl\u0131k Mudurlugu g\u00f6revlilerine \u0130l\u00e7e Spor M\u00fcd\u00fcrl\u00fc\u011f\u00fcne ve katk\u0131 veren t\u00fcm kurum ve kurulu\u015flara te\u015fekk\u00fcr ediyoruz .<\/p>\n\n\n\n<p>Yar\u0131\u015fmam\u0131za onay veren Turkiye Y\u00fczme Federasyonuna ve yar\u0131\u015fmada g\u00f6rev alan ba\u015fta Ba\u015fhakem Sn Y\u00fcksel \u00c7etin olmak \u00fczere t\u00fcm Hakemlerimize te\u015fekk\u00fcr ediyoruz .<\/p>\n\n\n\n<p>Ve son olarak..<br>Yar\u0131\u015fmam\u0131za kat\u0131larak destek veren ve \u00fcst\u00fcn performansla yar\u0131\u015fmay\u0131 tamamlayan t\u00fcm sporcular\u0131m\u0131zi tebrik ediyoruz.<\/p>\n\n\n\n<p>Genel Klasman sonuclari..<br>1- Eda Savcigil\u2026. 2.55.20.79 &#8211; parkur rekoru<br>2- Elif Berke\u2026\u2026\u20263.08.39.19<\/p>\n\n\n\n<ol start=\"3\" class=\"wp-block-list\">\n<li>Burak Tezel\u2026\u20263.36.16.09<\/li>\n<\/ol>\n\n\n\n<p>Yar\u0131\u015fma sonu\u00e7lar\u0131na ve foto\u011fraf arsivine www.bogaziciolimpikyuzne.org adresinden ula\u015f\u0131labilir .<\/p>\n\n\n\n<p>Ahmet Selami VANL\u0130<br>Mak Y\u00fck Muh (\u0130T\u00dc)<br>Y\u00f6netim Kurlu Ba\u015fkan\u0131<\/p>\n\n\n\n<p>Bo\u011fazi\u00e7i Olimpik Y\u00fczme Kul\u00fcb\u00fc<br>Bir Y\u00fczme Kul\u00fcb\u00fcnden Daha Fazlas\u0131..<\/p>\n","protected":false},"excerpt":{"rendered":"<p>YARI\u015eMA. RAPORU \u00c7ok \u015f\u00fck\u00fcr ba\u015far\u0131 ile ve sa\u011f salim icra ettik..Allah CC sonsuz \u015f\u00fck\u00fcrler olsun . Cuma ak\u015fami sporcular,antren\u00f6rler,hakemler ve tekne kaptanlarinin katilimiyla toplant\u0131 yaptik..Yar\u0131\u015fma ile ilgili parkur,r\u00fczgar ak\u0131nt\u0131 vs bilgileri payla\u015ft\u0131k . Cumartesi sabah 05.30 de Mudanya Marinada topland\u0131k ve 06.00 da Kapakl\u0131 start yerine hareket ettik..Yar\u0131\u015fma sabah 07.55 de ba\u015fladi .Sporcular sakin bir [&hellip;]<\/p>\n","protected":false},"author":1,"featured_media":0,"parent":0,"menu_order":0,"comment_status":"closed","ping_status":"closed","template":"","meta":{"footnotes":""},"class_list":["post-2070","page","type-page","status-publish","hentry"],"_links":{"self":[{"href":"https:\/\/bogaziciolimpikyuzme.org\/index.php?rest_route=\/wp\/v2\/pages\/2070","targetHints":{"allow":["GET"]}}],"collection":[{"href":"https:\/\/bogaziciolimpikyuzme.org\/index.php?rest_route=\/wp\/v2\/pages"}],"about":[{"href":"https:\/\/bogaziciolimpikyuzme.org\/index.php?rest_route=\/wp\/v2\/types\/page"}],"author":[{"embeddable":true,"href":"https:\/\/bogaziciolimpikyuzme.org\/index.php?rest_route=\/wp\/v2\/users\/1"}],"replies":[{"embeddable":true,"href":"https:\/\/bogaziciolimpikyuzme.org\/index.php?rest_route=%2Fwp%2Fv2%2Fcomments&post=2070"}],"version-history":[{"count":1,"href":"https:\/\/bogaziciolimpikyuzme.org\/index.php?rest_route=\/wp\/v2\/pages\/2070\/revisions"}],"predecessor-version":[{"id":2071,"href":"https:\/\/bogaziciolimpikyuzme.org\/index.php?rest_route=\/wp\/v2\/pages\/2070\/revisions\/2071"}],"wp:attachment":[{"href":"https:\/\/bogaziciolimpikyuzme.org\/index.php?rest_route=%2Fwp%2Fv2%2Fmedia&parent=2070"}],"curies":[{"name":"wp","href":"https:\/\/api.w.org\/{rel}","templated":true}]}}