{"id":2055,"date":"2025-07-20T10:18:04","date_gmt":"2025-07-20T10:18:04","guid":{"rendered":"https:\/\/bogaziciolimpikyuzme.org\/?page_id=2055"},"modified":"2025-07-20T10:18:04","modified_gmt":"2025-07-20T10:18:04","slug":"2025-mudanya-sonuclar","status":"publish","type":"page","link":"https:\/\/bogaziciolimpikyuzme.org\/?page_id=2055","title":{"rendered":"2025 Mudanya Sonu\u00e7lar"},"content":{"rendered":"\n<div data-wp-interactive=\"core\/file\" class=\"wp-block-file\"><object data-wp-bind--hidden=\"!state.hasPdfPreview\" hidden class=\"wp-block-file__embed\" data=\"https:\/\/bogaziciolimpikyuzme.org\/wp-content\/uploads\/2025\/07\/MUDANYA-2025-SONUCLAR.pdf\" type=\"application\/pdf\" style=\"width:100%;height:600px\" aria-label=\"MUDANYA 2025 SONU\u00c7LAR g\u00f6m\u00fcs\u00fc.\"><\/object><a id=\"wp-block-file--media-b5917be3-2d60-4241-b07e-ad87d3cf8ec9\" href=\"https:\/\/bogaziciolimpikyuzme.org\/wp-content\/uploads\/2025\/07\/MUDANYA-2025-SONUCLAR.pdf\">MUDANYA 2025 SONU\u00c7LAR<\/a><a href=\"https:\/\/bogaziciolimpikyuzme.org\/wp-content\/uploads\/2025\/07\/MUDANYA-2025-SONUCLAR.pdf\" class=\"wp-block-file__button wp-element-button\" download aria-describedby=\"wp-block-file--media-b5917be3-2d60-4241-b07e-ad87d3cf8ec9\">\u0130ndir<\/a><\/div>\n","protected":false},"excerpt":{"rendered":"","protected":false},"author":1,"featured_media":0,"parent":0,"menu_order":0,"comment_status":"closed","ping_status":"closed","template":"","meta":{"footnotes":""},"class_list":["post-2055","page","type-page","status-publish","hentry"],"_links":{"self":[{"href":"https:\/\/bogaziciolimpikyuzme.org\/index.php?rest_route=\/wp\/v2\/pages\/2055","targetHints":{"allow":["GET"]}}],"collection":[{"href":"https:\/\/bogaziciolimpikyuzme.org\/index.php?rest_route=\/wp\/v2\/pages"}],"about":[{"href":"https:\/\/bogaziciolimpikyuzme.org\/index.php?rest_route=\/wp\/v2\/types\/page"}],"author":[{"embeddable":true,"href":"https:\/\/bogaziciolimpikyuzme.org\/index.php?rest_route=\/wp\/v2\/users\/1"}],"replies":[{"embeddable":true,"href":"https:\/\/bogaziciolimpikyuzme.org\/index.php?rest_route=%2Fwp%2Fv2%2Fcomments&post=2055"}],"version-history":[{"count":1,"href":"https:\/\/bogaziciolimpikyuzme.org\/index.php?rest_route=\/wp\/v2\/pages\/2055\/revisions"}],"predecessor-version":[{"id":2057,"href":"https:\/\/bogaziciolimpikyuzme.org\/index.php?rest_route=\/wp\/v2\/pages\/2055\/revisions\/2057"}],"wp:attachment":[{"href":"https:\/\/bogaziciolimpikyuzme.org\/index.php?rest_route=%2Fwp%2Fv2%2Fmedia&parent=2055"}],"curies":[{"name":"wp","href":"https:\/\/api.w.org\/{rel}","templated":true}]}}