{"id":2035,"date":"2025-07-08T20:48:04","date_gmt":"2025-07-08T20:48:04","guid":{"rendered":"https:\/\/bogaziciolimpikyuzme.org\/?page_id=2035"},"modified":"2025-07-15T11:16:23","modified_gmt":"2025-07-15T11:16:23","slug":"2025-mudanya-kontrol-listesi","status":"publish","type":"page","link":"https:\/\/bogaziciolimpikyuzme.org\/?page_id=2035","title":{"rendered":"2025 Mudanya Kontrol Listesi"},"content":{"rendered":"\n<div data-wp-interactive=\"core\/file\" class=\"wp-block-file\"><object data-wp-bind--hidden=\"!state.hasPdfPreview\" hidden class=\"wp-block-file__embed\" data=\"https:\/\/bogaziciolimpikyuzme.org\/wp-content\/uploads\/2025\/07\/MUDANYA-2025-KONTROL-LISTESI-1.pdf\" type=\"application\/pdf\" style=\"width:100%;height:600px\" aria-label=\"MUDANYA 2025 KONTROL L\u0130STES\u0130 g\u00f6m\u00fcs\u00fc.\"><\/object><a id=\"wp-block-file--media-66d571a2-8505-4cef-ad38-854157ee223e\" href=\"https:\/\/bogaziciolimpikyuzme.org\/wp-content\/uploads\/2025\/07\/MUDANYA-2025-KONTROL-LISTESI-1.pdf\">MUDANYA 2025 KONTROL L\u0130STES\u0130<\/a><a href=\"https:\/\/bogaziciolimpikyuzme.org\/wp-content\/uploads\/2025\/07\/MUDANYA-2025-KONTROL-LISTESI-1.pdf\" class=\"wp-block-file__button wp-element-button\" download aria-describedby=\"wp-block-file--media-66d571a2-8505-4cef-ad38-854157ee223e\">\u0130ndir<\/a><\/div>\n","protected":false},"excerpt":{"rendered":"","protected":false},"author":1,"featured_media":0,"parent":0,"menu_order":0,"comment_status":"closed","ping_status":"closed","template":"","meta":{"footnotes":""},"class_list":["post-2035","page","type-page","status-publish","hentry"],"_links":{"self":[{"href":"https:\/\/bogaziciolimpikyuzme.org\/index.php?rest_route=\/wp\/v2\/pages\/2035","targetHints":{"allow":["GET"]}}],"collection":[{"href":"https:\/\/bogaziciolimpikyuzme.org\/index.php?rest_route=\/wp\/v2\/pages"}],"about":[{"href":"https:\/\/bogaziciolimpikyuzme.org\/index.php?rest_route=\/wp\/v2\/types\/page"}],"author":[{"embeddable":true,"href":"https:\/\/bogaziciolimpikyuzme.org\/index.php?rest_route=\/wp\/v2\/users\/1"}],"replies":[{"embeddable":true,"href":"https:\/\/bogaziciolimpikyuzme.org\/index.php?rest_route=%2Fwp%2Fv2%2Fcomments&post=2035"}],"version-history":[{"count":2,"href":"https:\/\/bogaziciolimpikyuzme.org\/index.php?rest_route=\/wp\/v2\/pages\/2035\/revisions"}],"predecessor-version":[{"id":2050,"href":"https:\/\/bogaziciolimpikyuzme.org\/index.php?rest_route=\/wp\/v2\/pages\/2035\/revisions\/2050"}],"wp:attachment":[{"href":"https:\/\/bogaziciolimpikyuzme.org\/index.php?rest_route=%2Fwp%2Fv2%2Fmedia&parent=2035"}],"curies":[{"name":"wp","href":"https:\/\/api.w.org\/{rel}","templated":true}]}}