{"id":2001,"date":"2025-05-24T01:18:16","date_gmt":"2025-05-24T01:18:16","guid":{"rendered":"https:\/\/bogaziciolimpikyuzme.org\/?page_id=2001"},"modified":"2025-05-24T01:21:55","modified_gmt":"2025-05-24T01:21:55","slug":"2025-iskenderun-taahhutname","status":"publish","type":"page","link":"https:\/\/bogaziciolimpikyuzme.org\/?page_id=2001","title":{"rendered":"2025 \u0130skenderun Taahh\u00fctname"},"content":{"rendered":"\n<div data-wp-interactive=\"core\/file\" class=\"wp-block-file\"><object data-wp-bind--hidden=\"!state.hasPdfPreview\" hidden class=\"wp-block-file__embed\" data=\"https:\/\/bogaziciolimpikyuzme.org\/wp-content\/uploads\/2025\/05\/ISKENDERUN-2025-TAAHHUTNAME-1.pdf\" type=\"application\/pdf\" style=\"width:100%;height:600px\" aria-label=\"\u0130SKENDERUN 2025 TAAHH\u00dcTNAME g\u00f6m\u00fcs\u00fc.\"><\/object><a id=\"wp-block-file--media-020f4e9b-d46a-4a95-8758-cb859852d33e\" href=\"https:\/\/bogaziciolimpikyuzme.org\/wp-content\/uploads\/2025\/05\/ISKENDERUN-2025-TAAHHUTNAME-1.pdf\">\u0130SKENDERUN 2025 TAAHH\u00dcTNAME<\/a><a href=\"https:\/\/bogaziciolimpikyuzme.org\/wp-content\/uploads\/2025\/05\/ISKENDERUN-2025-TAAHHUTNAME-1.pdf\" class=\"wp-block-file__button wp-element-button\" download aria-describedby=\"wp-block-file--media-020f4e9b-d46a-4a95-8758-cb859852d33e\">\u0130ndir<\/a><\/div>\n","protected":false},"excerpt":{"rendered":"","protected":false},"author":1,"featured_media":0,"parent":0,"menu_order":0,"comment_status":"closed","ping_status":"closed","template":"","meta":{"footnotes":""},"class_list":["post-2001","page","type-page","status-publish","hentry"],"_links":{"self":[{"href":"https:\/\/bogaziciolimpikyuzme.org\/index.php?rest_route=\/wp\/v2\/pages\/2001","targetHints":{"allow":["GET"]}}],"collection":[{"href":"https:\/\/bogaziciolimpikyuzme.org\/index.php?rest_route=\/wp\/v2\/pages"}],"about":[{"href":"https:\/\/bogaziciolimpikyuzme.org\/index.php?rest_route=\/wp\/v2\/types\/page"}],"author":[{"embeddable":true,"href":"https:\/\/bogaziciolimpikyuzme.org\/index.php?rest_route=\/wp\/v2\/users\/1"}],"replies":[{"embeddable":true,"href":"https:\/\/bogaziciolimpikyuzme.org\/index.php?rest_route=%2Fwp%2Fv2%2Fcomments&post=2001"}],"version-history":[{"count":2,"href":"https:\/\/bogaziciolimpikyuzme.org\/index.php?rest_route=\/wp\/v2\/pages\/2001\/revisions"}],"predecessor-version":[{"id":2007,"href":"https:\/\/bogaziciolimpikyuzme.org\/index.php?rest_route=\/wp\/v2\/pages\/2001\/revisions\/2007"}],"wp:attachment":[{"href":"https:\/\/bogaziciolimpikyuzme.org\/index.php?rest_route=%2Fwp%2Fv2%2Fmedia&parent=2001"}],"curies":[{"name":"wp","href":"https:\/\/api.w.org\/{rel}","templated":true}]}}