{"id":1992,"date":"2025-05-24T01:15:43","date_gmt":"2025-05-24T01:15:43","guid":{"rendered":"https:\/\/bogaziciolimpikyuzme.org\/?page_id=1992"},"modified":"2025-05-24T04:58:28","modified_gmt":"2025-05-24T04:58:28","slug":"2025-iskenderun-reglaman","status":"publish","type":"page","link":"https:\/\/bogaziciolimpikyuzme.org\/?page_id=1992","title":{"rendered":"2025 \u0130skenderun Reglaman"},"content":{"rendered":"\n<div data-wp-interactive=\"core\/file\" class=\"wp-block-file\"><object data-wp-bind--hidden=\"!state.hasPdfPreview\" hidden class=\"wp-block-file__embed\" data=\"https:\/\/bogaziciolimpikyuzme.org\/wp-content\/uploads\/2025\/05\/ISKENDERUN-2025-REGLAMAN-EDIT-3.pdf\" type=\"application\/pdf\" style=\"width:100%;height:600px\" aria-label=\"\u0130SKENDERUN 2025 REGLAMAN ED\u0130T g\u00f6m\u00fcs\u00fc.\"><\/object><a id=\"wp-block-file--media-7a29fd63-64fc-4de7-9602-33a1e12f829b\" href=\"https:\/\/bogaziciolimpikyuzme.org\/wp-content\/uploads\/2025\/05\/ISKENDERUN-2025-REGLAMAN-EDIT-3.pdf\">\u0130SKENDERUN 2025 REGLAMAN ED\u0130T<\/a><a href=\"https:\/\/bogaziciolimpikyuzme.org\/wp-content\/uploads\/2025\/05\/ISKENDERUN-2025-REGLAMAN-EDIT-3.pdf\" class=\"wp-block-file__button wp-element-button\" download aria-describedby=\"wp-block-file--media-7a29fd63-64fc-4de7-9602-33a1e12f829b\">\u0130ndir<\/a><\/div>\n","protected":false},"excerpt":{"rendered":"","protected":false},"author":1,"featured_media":0,"parent":0,"menu_order":0,"comment_status":"closed","ping_status":"closed","template":"","meta":{"footnotes":""},"class_list":["post-1992","page","type-page","status-publish","hentry"],"_links":{"self":[{"href":"https:\/\/bogaziciolimpikyuzme.org\/index.php?rest_route=\/wp\/v2\/pages\/1992","targetHints":{"allow":["GET"]}}],"collection":[{"href":"https:\/\/bogaziciolimpikyuzme.org\/index.php?rest_route=\/wp\/v2\/pages"}],"about":[{"href":"https:\/\/bogaziciolimpikyuzme.org\/index.php?rest_route=\/wp\/v2\/types\/page"}],"author":[{"embeddable":true,"href":"https:\/\/bogaziciolimpikyuzme.org\/index.php?rest_route=\/wp\/v2\/users\/1"}],"replies":[{"embeddable":true,"href":"https:\/\/bogaziciolimpikyuzme.org\/index.php?rest_route=%2Fwp%2Fv2%2Fcomments&post=1992"}],"version-history":[{"count":5,"href":"https:\/\/bogaziciolimpikyuzme.org\/index.php?rest_route=\/wp\/v2\/pages\/1992\/revisions"}],"predecessor-version":[{"id":2021,"href":"https:\/\/bogaziciolimpikyuzme.org\/index.php?rest_route=\/wp\/v2\/pages\/1992\/revisions\/2021"}],"wp:attachment":[{"href":"https:\/\/bogaziciolimpikyuzme.org\/index.php?rest_route=%2Fwp%2Fv2%2Fmedia&parent=1992"}],"curies":[{"name":"wp","href":"https:\/\/api.w.org\/{rel}","templated":true}]}}