{"id":1956,"date":"2025-05-22T16:31:35","date_gmt":"2025-05-22T16:31:35","guid":{"rendered":"https:\/\/bogaziciolimpikyuzme.org\/?page_id=1956"},"modified":"2025-05-22T18:49:31","modified_gmt":"2025-05-22T18:49:31","slug":"2025-gokceada-reglaman","status":"publish","type":"page","link":"https:\/\/bogaziciolimpikyuzme.org\/?page_id=1956","title":{"rendered":"2025 G\u00f6k\u00e7eada Reglaman"},"content":{"rendered":"\n<div data-wp-interactive=\"core\/file\" class=\"wp-block-file\"><object data-wp-bind--hidden=\"!state.hasPdfPreview\" hidden class=\"wp-block-file__embed\" data=\"https:\/\/bogaziciolimpikyuzme.org\/wp-content\/uploads\/2025\/05\/GOKCEADA-2025-REGLAMAN-EDIT-1.pdf\" type=\"application\/pdf\" style=\"width:100%;height:600px\" aria-label=\"G\u00d6K\u00c7EADA 2025  REGLAMAN ED\u0130T g\u00f6m\u00fcs\u00fc.\"><\/object><a id=\"wp-block-file--media-bb3230ec-85a7-429f-9ee7-b2194fb50a51\" href=\"https:\/\/bogaziciolimpikyuzme.org\/wp-content\/uploads\/2025\/05\/GOKCEADA-2025-REGLAMAN-EDIT-1.pdf\">G\u00d6K\u00c7EADA 2025  REGLAMAN ED\u0130T<\/a><a href=\"https:\/\/bogaziciolimpikyuzme.org\/wp-content\/uploads\/2025\/05\/GOKCEADA-2025-REGLAMAN-EDIT-1.pdf\" class=\"wp-block-file__button wp-element-button\" download aria-describedby=\"wp-block-file--media-bb3230ec-85a7-429f-9ee7-b2194fb50a51\">\u0130ndir<\/a><\/div>\n","protected":false},"excerpt":{"rendered":"","protected":false},"author":1,"featured_media":0,"parent":0,"menu_order":0,"comment_status":"closed","ping_status":"closed","template":"","meta":{"footnotes":""},"class_list":["post-1956","page","type-page","status-publish","hentry"],"_links":{"self":[{"href":"https:\/\/bogaziciolimpikyuzme.org\/index.php?rest_route=\/wp\/v2\/pages\/1956","targetHints":{"allow":["GET"]}}],"collection":[{"href":"https:\/\/bogaziciolimpikyuzme.org\/index.php?rest_route=\/wp\/v2\/pages"}],"about":[{"href":"https:\/\/bogaziciolimpikyuzme.org\/index.php?rest_route=\/wp\/v2\/types\/page"}],"author":[{"embeddable":true,"href":"https:\/\/bogaziciolimpikyuzme.org\/index.php?rest_route=\/wp\/v2\/users\/1"}],"replies":[{"embeddable":true,"href":"https:\/\/bogaziciolimpikyuzme.org\/index.php?rest_route=%2Fwp%2Fv2%2Fcomments&post=1956"}],"version-history":[{"count":2,"href":"https:\/\/bogaziciolimpikyuzme.org\/index.php?rest_route=\/wp\/v2\/pages\/1956\/revisions"}],"predecessor-version":[{"id":1977,"href":"https:\/\/bogaziciolimpikyuzme.org\/index.php?rest_route=\/wp\/v2\/pages\/1956\/revisions\/1977"}],"wp:attachment":[{"href":"https:\/\/bogaziciolimpikyuzme.org\/index.php?rest_route=%2Fwp%2Fv2%2Fmedia&parent=1956"}],"curies":[{"name":"wp","href":"https:\/\/api.w.org\/{rel}","templated":true}]}}