{"id":1930,"date":"2025-05-22T08:04:17","date_gmt":"2025-05-22T08:04:17","guid":{"rendered":"https:\/\/bogaziciolimpikyuzme.org\/?page_id=1930"},"modified":"2025-05-22T19:35:58","modified_gmt":"2025-05-22T19:35:58","slug":"2025-mudanya-reglaman","status":"publish","type":"page","link":"https:\/\/bogaziciolimpikyuzme.org\/?page_id=1930","title":{"rendered":"2025 Mudanya Reglaman"},"content":{"rendered":"\n<div data-wp-interactive=\"core\/file\" class=\"wp-block-file\"><object data-wp-bind--hidden=\"!state.hasPdfPreview\" hidden class=\"wp-block-file__embed\" data=\"https:\/\/bogaziciolimpikyuzme.org\/wp-content\/uploads\/2025\/05\/MUDANYA-2025-REGLAMAN-EDIT-2.pdf\" type=\"application\/pdf\" style=\"width:100%;height:600px\" aria-label=\"MUDANYA 2025 REGLAMAN ED\u0130T g\u00f6m\u00fcs\u00fc.\"><\/object><a id=\"wp-block-file--media-cc09095e-57ba-4635-b221-643010919042\" href=\"https:\/\/bogaziciolimpikyuzme.org\/wp-content\/uploads\/2025\/05\/MUDANYA-2025-REGLAMAN-EDIT-2.pdf\">MUDANYA 2025 REGLAMAN ED\u0130T<\/a><a href=\"https:\/\/bogaziciolimpikyuzme.org\/wp-content\/uploads\/2025\/05\/MUDANYA-2025-REGLAMAN-EDIT-2.pdf\" class=\"wp-block-file__button wp-element-button\" download aria-describedby=\"wp-block-file--media-cc09095e-57ba-4635-b221-643010919042\">\u0130ndir<\/a><\/div>\n","protected":false},"excerpt":{"rendered":"","protected":false},"author":1,"featured_media":0,"parent":0,"menu_order":0,"comment_status":"closed","ping_status":"closed","template":"","meta":{"footnotes":""},"class_list":["post-1930","page","type-page","status-publish","hentry"],"_links":{"self":[{"href":"https:\/\/bogaziciolimpikyuzme.org\/index.php?rest_route=\/wp\/v2\/pages\/1930","targetHints":{"allow":["GET"]}}],"collection":[{"href":"https:\/\/bogaziciolimpikyuzme.org\/index.php?rest_route=\/wp\/v2\/pages"}],"about":[{"href":"https:\/\/bogaziciolimpikyuzme.org\/index.php?rest_route=\/wp\/v2\/types\/page"}],"author":[{"embeddable":true,"href":"https:\/\/bogaziciolimpikyuzme.org\/index.php?rest_route=\/wp\/v2\/users\/1"}],"replies":[{"embeddable":true,"href":"https:\/\/bogaziciolimpikyuzme.org\/index.php?rest_route=%2Fwp%2Fv2%2Fcomments&post=1930"}],"version-history":[{"count":3,"href":"https:\/\/bogaziciolimpikyuzme.org\/index.php?rest_route=\/wp\/v2\/pages\/1930\/revisions"}],"predecessor-version":[{"id":1979,"href":"https:\/\/bogaziciolimpikyuzme.org\/index.php?rest_route=\/wp\/v2\/pages\/1930\/revisions\/1979"}],"wp:attachment":[{"href":"https:\/\/bogaziciolimpikyuzme.org\/index.php?rest_route=%2Fwp%2Fv2%2Fmedia&parent=1930"}],"curies":[{"name":"wp","href":"https:\/\/api.w.org\/{rel}","templated":true}]}}