{"id":1900,"date":"2025-05-16T19:43:25","date_gmt":"2025-05-16T19:43:25","guid":{"rendered":"https:\/\/bogaziciolimpikyuzme.org\/?page_id=1900"},"modified":"2025-05-16T23:31:20","modified_gmt":"2025-05-16T23:31:20","slug":"2025-kayit-linki","status":"publish","type":"page","link":"https:\/\/bogaziciolimpikyuzme.org\/?page_id=1900","title":{"rendered":"2025 B\u00fcy\u00fck\u00e7ekmece Kay\u0131t Linki"},"content":{"rendered":"\n<p><a href=\"https:\/\/docs.google.com\/forms\/d\/e\/1FAIpQLScrrNr2r9XX7c4MvEAH5PCrVhqLdlo0co56UYCfGzfW8rYCNQ\/viewform?usp=header\">https:\/\/docs.google.com\/forms\/d\/e\/1FAIpQLScrrNr2r9XX7c4MvEAH5PCrVhqLdlo0co56UYCfGzfW8rYCNQ\/viewform?usp=header<\/a><\/p>\n\n\n\n<p><\/p>\n","protected":false},"excerpt":{"rendered":"<p>https:\/\/docs.google.com\/forms\/d\/e\/1FAIpQLScrrNr2r9XX7c4MvEAH5PCrVhqLdlo0co56UYCfGzfW8rYCNQ\/viewform?usp=header<\/p>\n","protected":false},"author":1,"featured_media":0,"parent":0,"menu_order":0,"comment_status":"closed","ping_status":"closed","template":"","meta":{"footnotes":""},"class_list":["post-1900","page","type-page","status-publish","hentry"],"_links":{"self":[{"href":"https:\/\/bogaziciolimpikyuzme.org\/index.php?rest_route=\/wp\/v2\/pages\/1900","targetHints":{"allow":["GET"]}}],"collection":[{"href":"https:\/\/bogaziciolimpikyuzme.org\/index.php?rest_route=\/wp\/v2\/pages"}],"about":[{"href":"https:\/\/bogaziciolimpikyuzme.org\/index.php?rest_route=\/wp\/v2\/types\/page"}],"author":[{"embeddable":true,"href":"https:\/\/bogaziciolimpikyuzme.org\/index.php?rest_route=\/wp\/v2\/users\/1"}],"replies":[{"embeddable":true,"href":"https:\/\/bogaziciolimpikyuzme.org\/index.php?rest_route=%2Fwp%2Fv2%2Fcomments&post=1900"}],"version-history":[{"count":3,"href":"https:\/\/bogaziciolimpikyuzme.org\/index.php?rest_route=\/wp\/v2\/pages\/1900\/revisions"}],"predecessor-version":[{"id":1918,"href":"https:\/\/bogaziciolimpikyuzme.org\/index.php?rest_route=\/wp\/v2\/pages\/1900\/revisions\/1918"}],"wp:attachment":[{"href":"https:\/\/bogaziciolimpikyuzme.org\/index.php?rest_route=%2Fwp%2Fv2%2Fmedia&parent=1900"}],"curies":[{"name":"wp","href":"https:\/\/api.w.org\/{rel}","templated":true}]}}