{"id":1875,"date":"2024-09-24T14:47:44","date_gmt":"2024-09-24T14:47:44","guid":{"rendered":"https:\/\/bogaziciolimpikyuzme.org\/?page_id=1875"},"modified":"2024-09-24T14:47:44","modified_gmt":"2024-09-24T14:47:44","slug":"2024-iskenderun-katilim-listesi","status":"publish","type":"page","link":"https:\/\/bogaziciolimpikyuzme.org\/?page_id=1875","title":{"rendered":"2024 \u0130skenderun Kat\u0131l\u0131m Listesi"},"content":{"rendered":"\n<div data-wp-interactive=\"core\/file\" class=\"wp-block-file\"><object data-wp-bind--hidden=\"!state.hasPdfPreview\" hidden class=\"wp-block-file__embed\" data=\"https:\/\/bogaziciolimpikyuzme.org\/wp-content\/uploads\/2024\/09\/ISKENDERUN-2024-KATILIM-LISTESI-2.pdf\" type=\"application\/pdf\" style=\"width:100%;height:600px\" aria-label=\"\u0130SKENDERUN 2024 KATILIM L\u0130STES\u0130 g\u00f6m\u00fcs\u00fc.\"><\/object><a id=\"wp-block-file--media-9b6aaba3-eddd-4c17-8604-9b3aefd69a4c\" href=\"https:\/\/bogaziciolimpikyuzme.org\/wp-content\/uploads\/2024\/09\/ISKENDERUN-2024-KATILIM-LISTESI-2.pdf\">\u0130SKENDERUN 2024 KATILIM L\u0130STES\u0130<\/a><a href=\"https:\/\/bogaziciolimpikyuzme.org\/wp-content\/uploads\/2024\/09\/ISKENDERUN-2024-KATILIM-LISTESI-2.pdf\" class=\"wp-block-file__button wp-element-button\" download aria-describedby=\"wp-block-file--media-9b6aaba3-eddd-4c17-8604-9b3aefd69a4c\">\u0130ndir<\/a><\/div>\n","protected":false},"excerpt":{"rendered":"","protected":false},"author":1,"featured_media":0,"parent":0,"menu_order":0,"comment_status":"closed","ping_status":"closed","template":"","meta":{"footnotes":""},"class_list":["post-1875","page","type-page","status-publish","hentry"],"_links":{"self":[{"href":"https:\/\/bogaziciolimpikyuzme.org\/index.php?rest_route=\/wp\/v2\/pages\/1875","targetHints":{"allow":["GET"]}}],"collection":[{"href":"https:\/\/bogaziciolimpikyuzme.org\/index.php?rest_route=\/wp\/v2\/pages"}],"about":[{"href":"https:\/\/bogaziciolimpikyuzme.org\/index.php?rest_route=\/wp\/v2\/types\/page"}],"author":[{"embeddable":true,"href":"https:\/\/bogaziciolimpikyuzme.org\/index.php?rest_route=\/wp\/v2\/users\/1"}],"replies":[{"embeddable":true,"href":"https:\/\/bogaziciolimpikyuzme.org\/index.php?rest_route=%2Fwp%2Fv2%2Fcomments&post=1875"}],"version-history":[{"count":1,"href":"https:\/\/bogaziciolimpikyuzme.org\/index.php?rest_route=\/wp\/v2\/pages\/1875\/revisions"}],"predecessor-version":[{"id":1877,"href":"https:\/\/bogaziciolimpikyuzme.org\/index.php?rest_route=\/wp\/v2\/pages\/1875\/revisions\/1877"}],"wp:attachment":[{"href":"https:\/\/bogaziciolimpikyuzme.org\/index.php?rest_route=%2Fwp%2Fv2%2Fmedia&parent=1875"}],"curies":[{"name":"wp","href":"https:\/\/api.w.org\/{rel}","templated":true}]}}