{"id":1842,"date":"2024-08-09T21:07:05","date_gmt":"2024-08-09T21:07:05","guid":{"rendered":"https:\/\/bogaziciolimpikyuzme.org\/?page_id=1842"},"modified":"2024-08-09T21:07:05","modified_gmt":"2024-08-09T21:07:05","slug":"triatlon-hedefler","status":"publish","type":"page","link":"https:\/\/bogaziciolimpikyuzme.org\/?page_id=1842","title":{"rendered":"Triatlon Hedefler"},"content":{"rendered":"\n<div data-wp-interactive=\"core\/file\" class=\"wp-block-file\"><object data-wp-bind--hidden=\"!state.hasPdfPreview\" hidden class=\"wp-block-file__embed\" data=\"https:\/\/bogaziciolimpikyuzme.org\/wp-content\/uploads\/2024\/08\/100-TRIATLON.pdf\" type=\"application\/pdf\" style=\"width:100%;height:600px\" aria-label=\"%100 TR\u0130ATLON g\u00f6m\u00fcs\u00fc.\"><\/object><a id=\"wp-block-file--media-9ec728da-ea12-42c6-89bc-502ef9258d1d\" href=\"https:\/\/bogaziciolimpikyuzme.org\/wp-content\/uploads\/2024\/08\/100-TRIATLON.pdf\">%100 TR\u0130ATLON<\/a><a href=\"https:\/\/bogaziciolimpikyuzme.org\/wp-content\/uploads\/2024\/08\/100-TRIATLON.pdf\" class=\"wp-block-file__button wp-element-button\" download aria-describedby=\"wp-block-file--media-9ec728da-ea12-42c6-89bc-502ef9258d1d\">\u0130ndir<\/a><\/div>\n","protected":false},"excerpt":{"rendered":"","protected":false},"author":1,"featured_media":0,"parent":0,"menu_order":0,"comment_status":"closed","ping_status":"closed","template":"","meta":{"footnotes":""},"class_list":["post-1842","page","type-page","status-publish","hentry"],"_links":{"self":[{"href":"https:\/\/bogaziciolimpikyuzme.org\/index.php?rest_route=\/wp\/v2\/pages\/1842","targetHints":{"allow":["GET"]}}],"collection":[{"href":"https:\/\/bogaziciolimpikyuzme.org\/index.php?rest_route=\/wp\/v2\/pages"}],"about":[{"href":"https:\/\/bogaziciolimpikyuzme.org\/index.php?rest_route=\/wp\/v2\/types\/page"}],"author":[{"embeddable":true,"href":"https:\/\/bogaziciolimpikyuzme.org\/index.php?rest_route=\/wp\/v2\/users\/1"}],"replies":[{"embeddable":true,"href":"https:\/\/bogaziciolimpikyuzme.org\/index.php?rest_route=%2Fwp%2Fv2%2Fcomments&post=1842"}],"version-history":[{"count":1,"href":"https:\/\/bogaziciolimpikyuzme.org\/index.php?rest_route=\/wp\/v2\/pages\/1842\/revisions"}],"predecessor-version":[{"id":1844,"href":"https:\/\/bogaziciolimpikyuzme.org\/index.php?rest_route=\/wp\/v2\/pages\/1842\/revisions\/1844"}],"wp:attachment":[{"href":"https:\/\/bogaziciolimpikyuzme.org\/index.php?rest_route=%2Fwp%2Fv2%2Fmedia&parent=1842"}],"curies":[{"name":"wp","href":"https:\/\/api.w.org\/{rel}","templated":true}]}}