{"id":1823,"date":"2024-08-06T06:14:04","date_gmt":"2024-08-06T06:14:04","guid":{"rendered":"https:\/\/bogaziciolimpikyuzme.org\/?page_id=1823"},"modified":"2024-08-10T08:38:48","modified_gmt":"2024-08-10T08:38:48","slug":"2024-samatya-reglaman","status":"publish","type":"page","link":"https:\/\/bogaziciolimpikyuzme.org\/?page_id=1823","title":{"rendered":"2024 Samatya Reglaman"},"content":{"rendered":"\n<div data-wp-interactive=\"core\/file\" class=\"wp-block-file\"><object data-wp-bind--hidden=\"!state.hasPdfPreview\" hidden class=\"wp-block-file__embed\" data=\"https:\/\/bogaziciolimpikyuzme.org\/wp-content\/uploads\/2024\/08\/SAMATYA-2024-REGLAMAN-EDIT-1.pdf\" type=\"application\/pdf\" style=\"width:100%;height:600px\" aria-label=\"SAMATYA 2024 REGLAMAN  ED\u0130T g\u00f6m\u00fcs\u00fc.\"><\/object><a id=\"wp-block-file--media-03d08fe8-b447-4865-9e67-5c2458b6b9a8\" href=\"https:\/\/bogaziciolimpikyuzme.org\/wp-content\/uploads\/2024\/08\/SAMATYA-2024-REGLAMAN-EDIT-1.pdf\">SAMATYA 2024 REGLAMAN  ED\u0130T<\/a><a href=\"https:\/\/bogaziciolimpikyuzme.org\/wp-content\/uploads\/2024\/08\/SAMATYA-2024-REGLAMAN-EDIT-1.pdf\" class=\"wp-block-file__button wp-element-button\" download aria-describedby=\"wp-block-file--media-03d08fe8-b447-4865-9e67-5c2458b6b9a8\">\u0130ndir<\/a><\/div>\n","protected":false},"excerpt":{"rendered":"","protected":false},"author":1,"featured_media":0,"parent":0,"menu_order":0,"comment_status":"closed","ping_status":"closed","template":"","meta":{"footnotes":""},"class_list":["post-1823","page","type-page","status-publish","hentry"],"_links":{"self":[{"href":"https:\/\/bogaziciolimpikyuzme.org\/index.php?rest_route=\/wp\/v2\/pages\/1823","targetHints":{"allow":["GET"]}}],"collection":[{"href":"https:\/\/bogaziciolimpikyuzme.org\/index.php?rest_route=\/wp\/v2\/pages"}],"about":[{"href":"https:\/\/bogaziciolimpikyuzme.org\/index.php?rest_route=\/wp\/v2\/types\/page"}],"author":[{"embeddable":true,"href":"https:\/\/bogaziciolimpikyuzme.org\/index.php?rest_route=\/wp\/v2\/users\/1"}],"replies":[{"embeddable":true,"href":"https:\/\/bogaziciolimpikyuzme.org\/index.php?rest_route=%2Fwp%2Fv2%2Fcomments&post=1823"}],"version-history":[{"count":3,"href":"https:\/\/bogaziciolimpikyuzme.org\/index.php?rest_route=\/wp\/v2\/pages\/1823\/revisions"}],"predecessor-version":[{"id":1865,"href":"https:\/\/bogaziciolimpikyuzme.org\/index.php?rest_route=\/wp\/v2\/pages\/1823\/revisions\/1865"}],"wp:attachment":[{"href":"https:\/\/bogaziciolimpikyuzme.org\/index.php?rest_route=%2Fwp%2Fv2%2Fmedia&parent=1823"}],"curies":[{"name":"wp","href":"https:\/\/api.w.org\/{rel}","templated":true}]}}