{"id":1816,"date":"2024-08-05T18:20:23","date_gmt":"2024-08-05T18:20:23","guid":{"rendered":"https:\/\/bogaziciolimpikyuzme.org\/?page_id=1816"},"modified":"2024-08-05T18:20:23","modified_gmt":"2024-08-05T18:20:23","slug":"2024-gokceada-sonuclar","status":"publish","type":"page","link":"https:\/\/bogaziciolimpikyuzme.org\/?page_id=1816","title":{"rendered":"2024 G\u00f6k\u00e7eada Sonu\u00e7lar"},"content":{"rendered":"\n<div data-wp-interactive=\"core\/file\" class=\"wp-block-file\"><object data-wp-bind--hidden=\"!state.hasPdfPreview\" hidden class=\"wp-block-file__embed\" data=\"https:\/\/bogaziciolimpikyuzme.org\/wp-content\/uploads\/2024\/08\/GOKCEADA-2024-TOPLU-SONUCLAR.pdf\" type=\"application\/pdf\" style=\"width:100%;height:600px\" aria-label=\"G\u00d6K\u00c7EADA 2024 TOPLU SONU\u00c7LAR g\u00f6m\u00fcs\u00fc.\"><\/object><a id=\"wp-block-file--media-d948e232-92f2-4ff2-a721-1267a2c382c8\" href=\"https:\/\/bogaziciolimpikyuzme.org\/wp-content\/uploads\/2024\/08\/GOKCEADA-2024-TOPLU-SONUCLAR.pdf\">G\u00d6K\u00c7EADA 2024 TOPLU SONU\u00c7LAR<\/a><a href=\"https:\/\/bogaziciolimpikyuzme.org\/wp-content\/uploads\/2024\/08\/GOKCEADA-2024-TOPLU-SONUCLAR.pdf\" class=\"wp-block-file__button wp-element-button\" download aria-describedby=\"wp-block-file--media-d948e232-92f2-4ff2-a721-1267a2c382c8\">\u0130ndir<\/a><\/div>\n","protected":false},"excerpt":{"rendered":"","protected":false},"author":1,"featured_media":0,"parent":0,"menu_order":0,"comment_status":"closed","ping_status":"closed","template":"","meta":{"footnotes":""},"class_list":["post-1816","page","type-page","status-publish","hentry"],"_links":{"self":[{"href":"https:\/\/bogaziciolimpikyuzme.org\/index.php?rest_route=\/wp\/v2\/pages\/1816","targetHints":{"allow":["GET"]}}],"collection":[{"href":"https:\/\/bogaziciolimpikyuzme.org\/index.php?rest_route=\/wp\/v2\/pages"}],"about":[{"href":"https:\/\/bogaziciolimpikyuzme.org\/index.php?rest_route=\/wp\/v2\/types\/page"}],"author":[{"embeddable":true,"href":"https:\/\/bogaziciolimpikyuzme.org\/index.php?rest_route=\/wp\/v2\/users\/1"}],"replies":[{"embeddable":true,"href":"https:\/\/bogaziciolimpikyuzme.org\/index.php?rest_route=%2Fwp%2Fv2%2Fcomments&post=1816"}],"version-history":[{"count":1,"href":"https:\/\/bogaziciolimpikyuzme.org\/index.php?rest_route=\/wp\/v2\/pages\/1816\/revisions"}],"predecessor-version":[{"id":1818,"href":"https:\/\/bogaziciolimpikyuzme.org\/index.php?rest_route=\/wp\/v2\/pages\/1816\/revisions\/1818"}],"wp:attachment":[{"href":"https:\/\/bogaziciolimpikyuzme.org\/index.php?rest_route=%2Fwp%2Fv2%2Fmedia&parent=1816"}],"curies":[{"name":"wp","href":"https:\/\/api.w.org\/{rel}","templated":true}]}}