{"id":1776,"date":"2024-07-16T12:01:18","date_gmt":"2024-07-16T12:01:18","guid":{"rendered":"https:\/\/bogaziciolimpikyuzme.org\/?page_id=1776"},"modified":"2024-07-16T12:01:18","modified_gmt":"2024-07-16T12:01:18","slug":"2024-b-cekmece-yarisma-raporu","status":"publish","type":"page","link":"https:\/\/bogaziciolimpikyuzme.org\/?page_id=1776","title":{"rendered":"2024 B.\u00c7ekmece Yar\u0131\u015fma Raporu"},"content":{"rendered":"\n<div data-wp-interactive=\"core\/file\" class=\"wp-block-file\"><object data-wp-bind--hidden=\"!state.hasPdfPreview\" hidden class=\"wp-block-file__embed\" data=\"https:\/\/bogaziciolimpikyuzme.org\/wp-content\/uploads\/2024\/07\/B.CEKMECE-2024-YARISMA-RAPORU.pdf\" type=\"application\/pdf\" style=\"width:100%;height:600px\" aria-label=\"B.CEKMECE-2024-YARISMA-RAPORU g\u00f6m\u00fcs\u00fc.\"><\/object><a id=\"wp-block-file--media-cecb5290-aa28-4de0-a637-d07a1506d136\" href=\"https:\/\/bogaziciolimpikyuzme.org\/wp-content\/uploads\/2024\/07\/B.CEKMECE-2024-YARISMA-RAPORU.pdf\">B.CEKMECE-2024-YARISMA-RAPORU<\/a><a href=\"https:\/\/bogaziciolimpikyuzme.org\/wp-content\/uploads\/2024\/07\/B.CEKMECE-2024-YARISMA-RAPORU.pdf\" class=\"wp-block-file__button wp-element-button\" download aria-describedby=\"wp-block-file--media-cecb5290-aa28-4de0-a637-d07a1506d136\">\u0130ndir<\/a><\/div>\n","protected":false},"excerpt":{"rendered":"","protected":false},"author":1,"featured_media":0,"parent":0,"menu_order":0,"comment_status":"closed","ping_status":"closed","template":"","meta":{"footnotes":""},"class_list":["post-1776","page","type-page","status-publish","hentry"],"_links":{"self":[{"href":"https:\/\/bogaziciolimpikyuzme.org\/index.php?rest_route=\/wp\/v2\/pages\/1776","targetHints":{"allow":["GET"]}}],"collection":[{"href":"https:\/\/bogaziciolimpikyuzme.org\/index.php?rest_route=\/wp\/v2\/pages"}],"about":[{"href":"https:\/\/bogaziciolimpikyuzme.org\/index.php?rest_route=\/wp\/v2\/types\/page"}],"author":[{"embeddable":true,"href":"https:\/\/bogaziciolimpikyuzme.org\/index.php?rest_route=\/wp\/v2\/users\/1"}],"replies":[{"embeddable":true,"href":"https:\/\/bogaziciolimpikyuzme.org\/index.php?rest_route=%2Fwp%2Fv2%2Fcomments&post=1776"}],"version-history":[{"count":1,"href":"https:\/\/bogaziciolimpikyuzme.org\/index.php?rest_route=\/wp\/v2\/pages\/1776\/revisions"}],"predecessor-version":[{"id":1778,"href":"https:\/\/bogaziciolimpikyuzme.org\/index.php?rest_route=\/wp\/v2\/pages\/1776\/revisions\/1778"}],"wp:attachment":[{"href":"https:\/\/bogaziciolimpikyuzme.org\/index.php?rest_route=%2Fwp%2Fv2%2Fmedia&parent=1776"}],"curies":[{"name":"wp","href":"https:\/\/api.w.org\/{rel}","templated":true}]}}