{"id":1762,"date":"2024-07-14T13:44:18","date_gmt":"2024-07-14T13:44:18","guid":{"rendered":"https:\/\/bogaziciolimpikyuzme.org\/?page_id=1762"},"modified":"2024-07-14T19:17:32","modified_gmt":"2024-07-14T19:17:32","slug":"2024-b-cekmece-sonuclar","status":"publish","type":"page","link":"https:\/\/bogaziciolimpikyuzme.org\/?page_id=1762","title":{"rendered":"2024 B.\u00c7ekmece Sonu\u00e7lar"},"content":{"rendered":"\n<div class=\"wp-block-group is-nowrap is-layout-flex wp-container-core-group-is-layout-ad2f72ca wp-block-group-is-layout-flex\">\n<div data-wp-interactive=\"core\/file\" class=\"wp-block-file\"><object data-wp-bind--hidden=\"!state.hasPdfPreview\" hidden class=\"wp-block-file__embed\" data=\"https:\/\/bogaziciolimpikyuzme.org\/wp-content\/uploads\/2024\/07\/B.CEKMECE-2024-TOPLU-SONUCLAR-1.pdf\" type=\"application\/pdf\" style=\"width:100%;height:600px\" aria-label=\"B.CEKMECE-2024-TOPLU-SONUCLAR-1 g\u00f6m\u00fcs\u00fc.\"><\/object><a id=\"wp-block-file--media-a538905f-f634-40f8-be11-5347acdf3e76\" href=\"https:\/\/bogaziciolimpikyuzme.org\/wp-content\/uploads\/2024\/07\/B.CEKMECE-2024-TOPLU-SONUCLAR-1.pdf\">B.CEKMECE-2024-TOPLU-SONUCLAR-1<\/a><a href=\"https:\/\/bogaziciolimpikyuzme.org\/wp-content\/uploads\/2024\/07\/B.CEKMECE-2024-TOPLU-SONUCLAR-1.pdf\" class=\"wp-block-file__button wp-element-button\" download aria-describedby=\"wp-block-file--media-a538905f-f634-40f8-be11-5347acdf3e76\">\u0130ndir<\/a><\/div>\n<\/div>\n","protected":false},"excerpt":{"rendered":"","protected":false},"author":1,"featured_media":0,"parent":0,"menu_order":0,"comment_status":"closed","ping_status":"closed","template":"","meta":{"footnotes":""},"class_list":["post-1762","page","type-page","status-publish","hentry"],"_links":{"self":[{"href":"https:\/\/bogaziciolimpikyuzme.org\/index.php?rest_route=\/wp\/v2\/pages\/1762","targetHints":{"allow":["GET"]}}],"collection":[{"href":"https:\/\/bogaziciolimpikyuzme.org\/index.php?rest_route=\/wp\/v2\/pages"}],"about":[{"href":"https:\/\/bogaziciolimpikyuzme.org\/index.php?rest_route=\/wp\/v2\/types\/page"}],"author":[{"embeddable":true,"href":"https:\/\/bogaziciolimpikyuzme.org\/index.php?rest_route=\/wp\/v2\/users\/1"}],"replies":[{"embeddable":true,"href":"https:\/\/bogaziciolimpikyuzme.org\/index.php?rest_route=%2Fwp%2Fv2%2Fcomments&post=1762"}],"version-history":[{"count":4,"href":"https:\/\/bogaziciolimpikyuzme.org\/index.php?rest_route=\/wp\/v2\/pages\/1762\/revisions"}],"predecessor-version":[{"id":1771,"href":"https:\/\/bogaziciolimpikyuzme.org\/index.php?rest_route=\/wp\/v2\/pages\/1762\/revisions\/1771"}],"wp:attachment":[{"href":"https:\/\/bogaziciolimpikyuzme.org\/index.php?rest_route=%2Fwp%2Fv2%2Fmedia&parent=1762"}],"curies":[{"name":"wp","href":"https:\/\/api.w.org\/{rel}","templated":true}]}}