{"id":1710,"date":"2024-06-03T11:18:11","date_gmt":"2024-06-03T11:18:11","guid":{"rendered":"https:\/\/bogaziciolimpikyuzme.org\/?page_id=1710"},"modified":"2024-06-03T11:18:11","modified_gmt":"2024-06-03T11:18:11","slug":"masterlar-yas-grubu-sporculari-02","status":"publish","type":"page","link":"https:\/\/bogaziciolimpikyuzme.org\/?page_id=1710","title":{"rendered":"Masterlar..Ya\u015f Grubu Sporcular\u0131 -02"},"content":{"rendered":"\n<div class=\"wp-block-group is-nowrap is-layout-flex wp-container-core-group-is-layout-ad2f72ca wp-block-group-is-layout-flex\">\n<div data-wp-interactive=\"core\/file\" class=\"wp-block-file\"><object data-wp-bind--hidden=\"!state.hasPdfPreview\" hidden class=\"wp-block-file__embed\" data=\"https:\/\/bogaziciolimpikyuzme.org\/wp-content\/uploads\/2024\/06\/MASTERLAR.Yas-Grubu-Sporculari-02.pdf\" type=\"application\/pdf\" style=\"width:100%;height:600px\" aria-label=\"MASTERLAR.Yas-Grubu-Sporculari-02 g\u00f6m\u00fcs\u00fc.\"><\/object><a id=\"wp-block-file--media-db991030-7d9c-4347-9c63-48ba73fd9b28\" href=\"https:\/\/bogaziciolimpikyuzme.org\/wp-content\/uploads\/2024\/06\/MASTERLAR.Yas-Grubu-Sporculari-02.pdf\">MASTERLAR.Yas-Grubu-Sporculari-02<\/a><a href=\"https:\/\/bogaziciolimpikyuzme.org\/wp-content\/uploads\/2024\/06\/MASTERLAR.Yas-Grubu-Sporculari-02.pdf\" class=\"wp-block-file__button wp-element-button\" download aria-describedby=\"wp-block-file--media-db991030-7d9c-4347-9c63-48ba73fd9b28\">\u0130ndir<\/a><\/div>\n\n\n\n<figure class=\"wp-block-image size-large\"><img loading=\"lazy\" decoding=\"async\" width=\"735\" height=\"1024\" src=\"https:\/\/bogaziciolimpikyuzme.org\/wp-content\/uploads\/2024\/06\/Bogazici-Check-Up-List-735x1024.jpg\" alt=\"\" class=\"wp-image-1712\" srcset=\"https:\/\/bogaziciolimpikyuzme.org\/wp-content\/uploads\/2024\/06\/Bogazici-Check-Up-List-735x1024.jpg 735w, https:\/\/bogaziciolimpikyuzme.org\/wp-content\/uploads\/2024\/06\/Bogazici-Check-Up-List-215x300.jpg 215w, https:\/\/bogaziciolimpikyuzme.org\/wp-content\/uploads\/2024\/06\/Bogazici-Check-Up-List-768x1070.jpg 768w, https:\/\/bogaziciolimpikyuzme.org\/wp-content\/uploads\/2024\/06\/Bogazici-Check-Up-List.jpg 1080w\" sizes=\"auto, (max-width: 735px) 100vw, 735px\" \/><\/figure>\n<\/div>\n","protected":false},"excerpt":{"rendered":"","protected":false},"author":1,"featured_media":0,"parent":0,"menu_order":0,"comment_status":"closed","ping_status":"closed","template":"","meta":{"footnotes":""},"class_list":["post-1710","page","type-page","status-publish","hentry"],"_links":{"self":[{"href":"https:\/\/bogaziciolimpikyuzme.org\/index.php?rest_route=\/wp\/v2\/pages\/1710","targetHints":{"allow":["GET"]}}],"collection":[{"href":"https:\/\/bogaziciolimpikyuzme.org\/index.php?rest_route=\/wp\/v2\/pages"}],"about":[{"href":"https:\/\/bogaziciolimpikyuzme.org\/index.php?rest_route=\/wp\/v2\/types\/page"}],"author":[{"embeddable":true,"href":"https:\/\/bogaziciolimpikyuzme.org\/index.php?rest_route=\/wp\/v2\/users\/1"}],"replies":[{"embeddable":true,"href":"https:\/\/bogaziciolimpikyuzme.org\/index.php?rest_route=%2Fwp%2Fv2%2Fcomments&post=1710"}],"version-history":[{"count":2,"href":"https:\/\/bogaziciolimpikyuzme.org\/index.php?rest_route=\/wp\/v2\/pages\/1710\/revisions"}],"predecessor-version":[{"id":1717,"href":"https:\/\/bogaziciolimpikyuzme.org\/index.php?rest_route=\/wp\/v2\/pages\/1710\/revisions\/1717"}],"wp:attachment":[{"href":"https:\/\/bogaziciolimpikyuzme.org\/index.php?rest_route=%2Fwp%2Fv2%2Fmedia&parent=1710"}],"curies":[{"name":"wp","href":"https:\/\/api.w.org\/{rel}","templated":true}]}}