{"id":1695,"date":"2024-06-02T23:40:54","date_gmt":"2024-06-02T23:40:54","guid":{"rendered":"https:\/\/bogaziciolimpikyuzme.org\/?page_id=1695"},"modified":"2024-06-03T11:21:20","modified_gmt":"2024-06-03T11:21:20","slug":"masterlar-yas-grubu-sporculari-01","status":"publish","type":"page","link":"https:\/\/bogaziciolimpikyuzme.org\/?page_id=1695","title":{"rendered":"Masterlar..Ya\u015f Grubu Sporcular\u0131 -01"},"content":{"rendered":"\n<div data-wp-interactive=\"core\/file\" class=\"wp-block-file\"><object data-wp-bind--hidden=\"!state.hasPdfPreview\" hidden class=\"wp-block-file__embed\" data=\"https:\/\/bogaziciolimpikyuzme.org\/wp-content\/uploads\/2024\/06\/MASTERLAR.Yas-Grubu-Sporculari-01.pdf\" type=\"application\/pdf\" style=\"width:100%;height:600px\" aria-label=\"MASTERLAR.Yas-Grubu-Sporculari-01 g\u00f6m\u00fcs\u00fc.\"><\/object><a id=\"wp-block-file--media-f1acde66-2f1c-4d9d-8570-0704154ac4a8\" href=\"https:\/\/bogaziciolimpikyuzme.org\/wp-content\/uploads\/2024\/06\/MASTERLAR.Yas-Grubu-Sporculari-01.pdf\">MASTERLAR.Yas-Grubu-Sporculari-01<\/a><a href=\"https:\/\/bogaziciolimpikyuzme.org\/wp-content\/uploads\/2024\/06\/MASTERLAR.Yas-Grubu-Sporculari-01.pdf\" class=\"wp-block-file__button wp-element-button\" download aria-describedby=\"wp-block-file--media-f1acde66-2f1c-4d9d-8570-0704154ac4a8\">\u0130ndir<\/a><\/div>\n\n\n\n<p><a href=\"https:\/\/photos.google.com\/photo\/AF1QipNytN9rD7V2Q8r8NGymsuOSSEgjd3iRTm-eb9tX\">https:\/\/photos.google.com\/photo\/AF1QipNytN9rD7V2Q8r8NGymsuOSSEgjd3iRTm-eb9tX<\/a><\/p>\n\n\n\n<p><a href=\"https:\/\/photos.google.com\/photo\/AF1QipMlFPTjUwWUIDxZacoU96tDkhG_R4uryNt0aunh\">https:\/\/photos.google.com\/photo\/AF1QipMlFPTjUwWUIDxZacoU96tDkhG_R4uryNt0aunh<\/a><\/p>\n","protected":false},"excerpt":{"rendered":"<p>https:\/\/photos.google.com\/photo\/AF1QipNytN9rD7V2Q8r8NGymsuOSSEgjd3iRTm-eb9tX https:\/\/photos.google.com\/photo\/AF1QipMlFPTjUwWUIDxZacoU96tDkhG_R4uryNt0aunh<\/p>\n","protected":false},"author":1,"featured_media":0,"parent":0,"menu_order":0,"comment_status":"closed","ping_status":"closed","template":"","meta":{"footnotes":""},"class_list":["post-1695","page","type-page","status-publish","hentry"],"_links":{"self":[{"href":"https:\/\/bogaziciolimpikyuzme.org\/index.php?rest_route=\/wp\/v2\/pages\/1695","targetHints":{"allow":["GET"]}}],"collection":[{"href":"https:\/\/bogaziciolimpikyuzme.org\/index.php?rest_route=\/wp\/v2\/pages"}],"about":[{"href":"https:\/\/bogaziciolimpikyuzme.org\/index.php?rest_route=\/wp\/v2\/types\/page"}],"author":[{"embeddable":true,"href":"https:\/\/bogaziciolimpikyuzme.org\/index.php?rest_route=\/wp\/v2\/users\/1"}],"replies":[{"embeddable":true,"href":"https:\/\/bogaziciolimpikyuzme.org\/index.php?rest_route=%2Fwp%2Fv2%2Fcomments&post=1695"}],"version-history":[{"count":4,"href":"https:\/\/bogaziciolimpikyuzme.org\/index.php?rest_route=\/wp\/v2\/pages\/1695\/revisions"}],"predecessor-version":[{"id":1715,"href":"https:\/\/bogaziciolimpikyuzme.org\/index.php?rest_route=\/wp\/v2\/pages\/1695\/revisions\/1715"}],"wp:attachment":[{"href":"https:\/\/bogaziciolimpikyuzme.org\/index.php?rest_route=%2Fwp%2Fv2%2Fmedia&parent=1695"}],"curies":[{"name":"wp","href":"https:\/\/api.w.org\/{rel}","templated":true}]}}