{"id":1677,"date":"2024-05-31T22:03:31","date_gmt":"2024-05-31T22:03:31","guid":{"rendered":"https:\/\/bogaziciolimpikyuzme.org\/?page_id=1677"},"modified":"2024-05-31T22:03:31","modified_gmt":"2024-05-31T22:03:31","slug":"2024-yili-icra-plani","status":"publish","type":"page","link":"https:\/\/bogaziciolimpikyuzme.org\/?page_id=1677","title":{"rendered":"2024 Y\u0131l\u0131 \u0130cra Plan\u0131"},"content":{"rendered":"\n<div data-wp-interactive=\"core\/file\" class=\"wp-block-file\"><object data-wp-bind--hidden=\"!state.hasPdfPreview\" hidden class=\"wp-block-file__embed\" data=\"https:\/\/bogaziciolimpikyuzme.org\/wp-content\/uploads\/2024\/05\/2024-YILI-ACIKDENIZ-YUZME-MARATONLARI.pdf\" type=\"application\/pdf\" style=\"width:100%;height:600px\" aria-label=\"2024-YILI-ACIKDENIZ-YUZME-MARATONLARI g\u00f6m\u00fcs\u00fc.\"><\/object><a id=\"wp-block-file--media-90d7369c-959d-447c-bfa1-ecd8fea1c36e\" href=\"https:\/\/bogaziciolimpikyuzme.org\/wp-content\/uploads\/2024\/05\/2024-YILI-ACIKDENIZ-YUZME-MARATONLARI.pdf\">2024-YILI-ACIKDENIZ-YUZME-MARATONLARI<\/a><a href=\"https:\/\/bogaziciolimpikyuzme.org\/wp-content\/uploads\/2024\/05\/2024-YILI-ACIKDENIZ-YUZME-MARATONLARI.pdf\" class=\"wp-block-file__button wp-element-button\" download aria-describedby=\"wp-block-file--media-90d7369c-959d-447c-bfa1-ecd8fea1c36e\">\u0130ndir<\/a><\/div>\n","protected":false},"excerpt":{"rendered":"","protected":false},"author":1,"featured_media":0,"parent":0,"menu_order":0,"comment_status":"closed","ping_status":"closed","template":"","meta":{"footnotes":""},"class_list":["post-1677","page","type-page","status-publish","hentry"],"_links":{"self":[{"href":"https:\/\/bogaziciolimpikyuzme.org\/index.php?rest_route=\/wp\/v2\/pages\/1677","targetHints":{"allow":["GET"]}}],"collection":[{"href":"https:\/\/bogaziciolimpikyuzme.org\/index.php?rest_route=\/wp\/v2\/pages"}],"about":[{"href":"https:\/\/bogaziciolimpikyuzme.org\/index.php?rest_route=\/wp\/v2\/types\/page"}],"author":[{"embeddable":true,"href":"https:\/\/bogaziciolimpikyuzme.org\/index.php?rest_route=\/wp\/v2\/users\/1"}],"replies":[{"embeddable":true,"href":"https:\/\/bogaziciolimpikyuzme.org\/index.php?rest_route=%2Fwp%2Fv2%2Fcomments&post=1677"}],"version-history":[{"count":1,"href":"https:\/\/bogaziciolimpikyuzme.org\/index.php?rest_route=\/wp\/v2\/pages\/1677\/revisions"}],"predecessor-version":[{"id":1679,"href":"https:\/\/bogaziciolimpikyuzme.org\/index.php?rest_route=\/wp\/v2\/pages\/1677\/revisions\/1679"}],"wp:attachment":[{"href":"https:\/\/bogaziciolimpikyuzme.org\/index.php?rest_route=%2Fwp%2Fv2%2Fmedia&parent=1677"}],"curies":[{"name":"wp","href":"https:\/\/api.w.org\/{rel}","templated":true}]}}