{"id":1626,"date":"2024-05-24T05:53:42","date_gmt":"2024-05-24T05:53:42","guid":{"rendered":"https:\/\/bogaziciolimpikyuzme.org\/?page_id=1626"},"modified":"2024-07-28T11:04:01","modified_gmt":"2024-07-28T11:04:01","slug":"2024-program-ulasim-konaklama-3","status":"publish","type":"page","link":"https:\/\/bogaziciolimpikyuzme.org\/?page_id=1626","title":{"rendered":"2024 Program Ula\u015f\u0131m Konaklama"},"content":{"rendered":"\n<div data-wp-interactive=\"core\/file\" class=\"wp-block-file\"><object data-wp-bind--hidden=\"!state.hasPdfPreview\" hidden class=\"wp-block-file__embed\" data=\"https:\/\/bogaziciolimpikyuzme.org\/wp-content\/uploads\/2024\/07\/GOKCEADA-2024-PROGRAM-ULASIM-KONAKLAMA.pdf\" type=\"application\/pdf\" style=\"width:100%;height:600px\" aria-label=\"G\u00d6K\u00c7EADA 2024  PROGRAM-ULA\u015eIM-KONAKLAMA g\u00f6m\u00fcs\u00fc.\"><\/object><a id=\"wp-block-file--media-44ea162f-07a0-4cd8-b974-c76bc1b5b231\" href=\"https:\/\/bogaziciolimpikyuzme.org\/wp-content\/uploads\/2024\/07\/GOKCEADA-2024-PROGRAM-ULASIM-KONAKLAMA.pdf\">G\u00d6K\u00c7EADA 2024  PROGRAM-ULA\u015eIM-KONAKLAMA<\/a><a href=\"https:\/\/bogaziciolimpikyuzme.org\/wp-content\/uploads\/2024\/07\/GOKCEADA-2024-PROGRAM-ULASIM-KONAKLAMA.pdf\" class=\"wp-block-file__button wp-element-button\" download aria-describedby=\"wp-block-file--media-44ea162f-07a0-4cd8-b974-c76bc1b5b231\">\u0130ndir<\/a><\/div>\n","protected":false},"excerpt":{"rendered":"","protected":false},"author":1,"featured_media":0,"parent":0,"menu_order":0,"comment_status":"closed","ping_status":"closed","template":"","meta":{"footnotes":""},"class_list":["post-1626","page","type-page","status-publish","hentry"],"_links":{"self":[{"href":"https:\/\/bogaziciolimpikyuzme.org\/index.php?rest_route=\/wp\/v2\/pages\/1626","targetHints":{"allow":["GET"]}}],"collection":[{"href":"https:\/\/bogaziciolimpikyuzme.org\/index.php?rest_route=\/wp\/v2\/pages"}],"about":[{"href":"https:\/\/bogaziciolimpikyuzme.org\/index.php?rest_route=\/wp\/v2\/types\/page"}],"author":[{"embeddable":true,"href":"https:\/\/bogaziciolimpikyuzme.org\/index.php?rest_route=\/wp\/v2\/users\/1"}],"replies":[{"embeddable":true,"href":"https:\/\/bogaziciolimpikyuzme.org\/index.php?rest_route=%2Fwp%2Fv2%2Fcomments&post=1626"}],"version-history":[{"count":3,"href":"https:\/\/bogaziciolimpikyuzme.org\/index.php?rest_route=\/wp\/v2\/pages\/1626\/revisions"}],"predecessor-version":[{"id":1790,"href":"https:\/\/bogaziciolimpikyuzme.org\/index.php?rest_route=\/wp\/v2\/pages\/1626\/revisions\/1790"}],"wp:attachment":[{"href":"https:\/\/bogaziciolimpikyuzme.org\/index.php?rest_route=%2Fwp%2Fv2%2Fmedia&parent=1626"}],"curies":[{"name":"wp","href":"https:\/\/api.w.org\/{rel}","templated":true}]}}