{"id":1612,"date":"2024-05-24T05:45:27","date_gmt":"2024-05-24T05:45:27","guid":{"rendered":"https:\/\/bogaziciolimpikyuzme.org\/?page_id=1612"},"modified":"2024-05-24T05:45:27","modified_gmt":"2024-05-24T05:45:27","slug":"2024-gokceada-reglaman","status":"publish","type":"page","link":"https:\/\/bogaziciolimpikyuzme.org\/?page_id=1612","title":{"rendered":"2024 G\u00f6k\u00e7eada Reglaman"},"content":{"rendered":"\n<div data-wp-interactive=\"core\/file\" class=\"wp-block-file\"><object data-wp-bind--hidden=\"!state.hasPdfPreview\" hidden class=\"wp-block-file__embed\" data=\"https:\/\/bogaziciolimpikyuzme.org\/wp-content\/uploads\/2024\/05\/GOKCEADA-2024-REGLAMAN-EDITT.pdf\" type=\"application\/pdf\" style=\"width:100%;height:600px\" aria-label=\"GOKCEADA-2024-REGLAMAN-EDITT g\u00f6m\u00fcs\u00fc.\"><\/object><a id=\"wp-block-file--media-d13e23d4-fdea-4c41-879e-33633d1f021d\" href=\"https:\/\/bogaziciolimpikyuzme.org\/wp-content\/uploads\/2024\/05\/GOKCEADA-2024-REGLAMAN-EDITT.pdf\">GOKCEADA-2024-REGLAMAN-EDITT<\/a><a href=\"https:\/\/bogaziciolimpikyuzme.org\/wp-content\/uploads\/2024\/05\/GOKCEADA-2024-REGLAMAN-EDITT.pdf\" class=\"wp-block-file__button wp-element-button\" download aria-describedby=\"wp-block-file--media-d13e23d4-fdea-4c41-879e-33633d1f021d\">\u0130ndir<\/a><\/div>\n","protected":false},"excerpt":{"rendered":"","protected":false},"author":1,"featured_media":0,"parent":0,"menu_order":0,"comment_status":"closed","ping_status":"closed","template":"","meta":{"footnotes":""},"class_list":["post-1612","page","type-page","status-publish","hentry"],"_links":{"self":[{"href":"https:\/\/bogaziciolimpikyuzme.org\/index.php?rest_route=\/wp\/v2\/pages\/1612","targetHints":{"allow":["GET"]}}],"collection":[{"href":"https:\/\/bogaziciolimpikyuzme.org\/index.php?rest_route=\/wp\/v2\/pages"}],"about":[{"href":"https:\/\/bogaziciolimpikyuzme.org\/index.php?rest_route=\/wp\/v2\/types\/page"}],"author":[{"embeddable":true,"href":"https:\/\/bogaziciolimpikyuzme.org\/index.php?rest_route=\/wp\/v2\/users\/1"}],"replies":[{"embeddable":true,"href":"https:\/\/bogaziciolimpikyuzme.org\/index.php?rest_route=%2Fwp%2Fv2%2Fcomments&post=1612"}],"version-history":[{"count":1,"href":"https:\/\/bogaziciolimpikyuzme.org\/index.php?rest_route=\/wp\/v2\/pages\/1612\/revisions"}],"predecessor-version":[{"id":1614,"href":"https:\/\/bogaziciolimpikyuzme.org\/index.php?rest_route=\/wp\/v2\/pages\/1612\/revisions\/1614"}],"wp:attachment":[{"href":"https:\/\/bogaziciolimpikyuzme.org\/index.php?rest_route=%2Fwp%2Fv2%2Fmedia&parent=1612"}],"curies":[{"name":"wp","href":"https:\/\/api.w.org\/{rel}","templated":true}]}}