{"id":1536,"date":"2024-05-18T16:50:00","date_gmt":"2024-05-18T16:50:00","guid":{"rendered":"https:\/\/bogaziciolimpikyuzme.org\/?page_id=1536"},"modified":"2024-06-24T10:49:58","modified_gmt":"2024-06-24T10:49:58","slug":"2024-buyukcekmece-yarisi","status":"publish","type":"page","link":"https:\/\/bogaziciolimpikyuzme.org\/?page_id=1536","title":{"rendered":"2024 B\u00fcy\u00fck\u00e7ekmece Reglaman"},"content":{"rendered":"\n<div data-wp-interactive=\"core\/file\" class=\"wp-block-file\"><object data-wp-bind--hidden=\"!state.hasPdfPreview\" hidden class=\"wp-block-file__embed\" data=\"https:\/\/bogaziciolimpikyuzme.org\/wp-content\/uploads\/2024\/06\/B.CEKMECE-2024-REGLAMAN-EDITTT.pdf\" type=\"application\/pdf\" style=\"width:100%;height:600px\" aria-label=\"B.CEKMECE-2024-REGLAMAN-EDITTT g\u00f6m\u00fcs\u00fc.\"><\/object><a id=\"wp-block-file--media-c69215e4-7915-47c8-843e-fb289865b24e\" href=\"https:\/\/bogaziciolimpikyuzme.org\/wp-content\/uploads\/2024\/06\/B.CEKMECE-2024-REGLAMAN-EDITTT.pdf\">B.CEKMECE-2024-REGLAMAN-EDITTT<\/a><a href=\"https:\/\/bogaziciolimpikyuzme.org\/wp-content\/uploads\/2024\/06\/B.CEKMECE-2024-REGLAMAN-EDITTT.pdf\" class=\"wp-block-file__button wp-element-button\" download aria-describedby=\"wp-block-file--media-c69215e4-7915-47c8-843e-fb289865b24e\">\u0130ndir<\/a><\/div>\n\n\n\n<p><\/p>\n","protected":false},"excerpt":{"rendered":"","protected":false},"author":1,"featured_media":0,"parent":0,"menu_order":0,"comment_status":"closed","ping_status":"closed","template":"","meta":{"footnotes":""},"class_list":["post-1536","page","type-page","status-publish","hentry"],"_links":{"self":[{"href":"https:\/\/bogaziciolimpikyuzme.org\/index.php?rest_route=\/wp\/v2\/pages\/1536","targetHints":{"allow":["GET"]}}],"collection":[{"href":"https:\/\/bogaziciolimpikyuzme.org\/index.php?rest_route=\/wp\/v2\/pages"}],"about":[{"href":"https:\/\/bogaziciolimpikyuzme.org\/index.php?rest_route=\/wp\/v2\/types\/page"}],"author":[{"embeddable":true,"href":"https:\/\/bogaziciolimpikyuzme.org\/index.php?rest_route=\/wp\/v2\/users\/1"}],"replies":[{"embeddable":true,"href":"https:\/\/bogaziciolimpikyuzme.org\/index.php?rest_route=%2Fwp%2Fv2%2Fcomments&post=1536"}],"version-history":[{"count":5,"href":"https:\/\/bogaziciolimpikyuzme.org\/index.php?rest_route=\/wp\/v2\/pages\/1536\/revisions"}],"predecessor-version":[{"id":1724,"href":"https:\/\/bogaziciolimpikyuzme.org\/index.php?rest_route=\/wp\/v2\/pages\/1536\/revisions\/1724"}],"wp:attachment":[{"href":"https:\/\/bogaziciolimpikyuzme.org\/index.php?rest_route=%2Fwp%2Fv2%2Fmedia&parent=1536"}],"curies":[{"name":"wp","href":"https:\/\/api.w.org\/{rel}","templated":true}]}}