{"id":1503,"date":"2023-08-24T07:48:08","date_gmt":"2023-08-24T07:48:08","guid":{"rendered":"https:\/\/bogaziciolimpikyuzme.org\/?page_id=1503"},"modified":"2023-08-24T07:48:08","modified_gmt":"2023-08-24T07:48:08","slug":"2023-gokceada-yaris-sonuclari","status":"publish","type":"page","link":"https:\/\/bogaziciolimpikyuzme.org\/?page_id=1503","title":{"rendered":"2023 G\u00f6k\u00e7eada Yar\u0131\u015f Sonu\u00e7lar\u0131"},"content":{"rendered":"\n<div data-wp-interactive=\"core\/file\" class=\"wp-block-file\"><object data-wp-bind--hidden=\"!state.hasPdfPreview\" hidden class=\"wp-block-file__embed\" data=\"https:\/\/bogaziciolimpikyuzme.org\/wp-content\/uploads\/2023\/08\/Gokceada2023-yaris-sonuclari.pdf\" type=\"application\/pdf\" style=\"width:100%;height:600px\" aria-label=\"Gokceada2023-yaris-sonuclari g\u00f6m\u00fcs\u00fc.\"><\/object><a id=\"wp-block-file--media-fd077aaa-555c-4278-ad98-c3a43c12307c\" href=\"https:\/\/bogaziciolimpikyuzme.org\/wp-content\/uploads\/2023\/08\/Gokceada2023-yaris-sonuclari.pdf\">Gokceada2023-yaris-sonuclari<\/a><a href=\"https:\/\/bogaziciolimpikyuzme.org\/wp-content\/uploads\/2023\/08\/Gokceada2023-yaris-sonuclari.pdf\" class=\"wp-block-file__button wp-element-button\" download aria-describedby=\"wp-block-file--media-fd077aaa-555c-4278-ad98-c3a43c12307c\">\u0130ndir<\/a><\/div>\n","protected":false},"excerpt":{"rendered":"","protected":false},"author":1,"featured_media":0,"parent":0,"menu_order":0,"comment_status":"closed","ping_status":"closed","template":"","meta":{"footnotes":""},"class_list":["post-1503","page","type-page","status-publish","hentry"],"_links":{"self":[{"href":"https:\/\/bogaziciolimpikyuzme.org\/index.php?rest_route=\/wp\/v2\/pages\/1503","targetHints":{"allow":["GET"]}}],"collection":[{"href":"https:\/\/bogaziciolimpikyuzme.org\/index.php?rest_route=\/wp\/v2\/pages"}],"about":[{"href":"https:\/\/bogaziciolimpikyuzme.org\/index.php?rest_route=\/wp\/v2\/types\/page"}],"author":[{"embeddable":true,"href":"https:\/\/bogaziciolimpikyuzme.org\/index.php?rest_route=\/wp\/v2\/users\/1"}],"replies":[{"embeddable":true,"href":"https:\/\/bogaziciolimpikyuzme.org\/index.php?rest_route=%2Fwp%2Fv2%2Fcomments&post=1503"}],"version-history":[{"count":1,"href":"https:\/\/bogaziciolimpikyuzme.org\/index.php?rest_route=\/wp\/v2\/pages\/1503\/revisions"}],"predecessor-version":[{"id":1505,"href":"https:\/\/bogaziciolimpikyuzme.org\/index.php?rest_route=\/wp\/v2\/pages\/1503\/revisions\/1505"}],"wp:attachment":[{"href":"https:\/\/bogaziciolimpikyuzme.org\/index.php?rest_route=%2Fwp%2Fv2%2Fmedia&parent=1503"}],"curies":[{"name":"wp","href":"https:\/\/api.w.org\/{rel}","templated":true}]}}