{"id":1480,"date":"2023-07-31T05:34:15","date_gmt":"2023-07-31T05:34:15","guid":{"rendered":"https:\/\/bogaziciolimpikyuzme.org\/?page_id=1480"},"modified":"2023-08-01T11:48:50","modified_gmt":"2023-08-01T11:48:50","slug":"2023-mudanya-yaris-sonuclari","status":"publish","type":"page","link":"https:\/\/bogaziciolimpikyuzme.org\/?page_id=1480","title":{"rendered":"2023 Mudanya Yar\u0131\u015f Sonu\u00e7lar\u0131"},"content":{"rendered":"\n<div data-wp-interactive=\"core\/file\" class=\"wp-block-file\"><object data-wp-bind--hidden=\"!state.hasPdfPreview\" hidden class=\"wp-block-file__embed\" data=\"https:\/\/bogaziciolimpikyuzme.org\/wp-content\/uploads\/2023\/08\/Mudanya-Sonuclar-1.pdf\" type=\"application\/pdf\" style=\"width:100%;height:600px\" aria-label=\"Mudanya-Sonuclar-1 g\u00f6m\u00fcs\u00fc.\"><\/object><a id=\"wp-block-file--media-6b1917b9-26c6-46d9-b53c-2c47b01072e0\" href=\"https:\/\/bogaziciolimpikyuzme.org\/wp-content\/uploads\/2023\/08\/Mudanya-Sonuclar-1.pdf\">Mudanya-Sonuclar-1<\/a><a href=\"https:\/\/bogaziciolimpikyuzme.org\/wp-content\/uploads\/2023\/08\/Mudanya-Sonuclar-1.pdf\" class=\"wp-block-file__button wp-element-button\" download aria-describedby=\"wp-block-file--media-6b1917b9-26c6-46d9-b53c-2c47b01072e0\">\u0130ndir<\/a><\/div>\n","protected":false},"excerpt":{"rendered":"","protected":false},"author":1,"featured_media":0,"parent":0,"menu_order":0,"comment_status":"closed","ping_status":"closed","template":"","meta":{"footnotes":""},"class_list":["post-1480","page","type-page","status-publish","hentry"],"_links":{"self":[{"href":"https:\/\/bogaziciolimpikyuzme.org\/index.php?rest_route=\/wp\/v2\/pages\/1480","targetHints":{"allow":["GET"]}}],"collection":[{"href":"https:\/\/bogaziciolimpikyuzme.org\/index.php?rest_route=\/wp\/v2\/pages"}],"about":[{"href":"https:\/\/bogaziciolimpikyuzme.org\/index.php?rest_route=\/wp\/v2\/types\/page"}],"author":[{"embeddable":true,"href":"https:\/\/bogaziciolimpikyuzme.org\/index.php?rest_route=\/wp\/v2\/users\/1"}],"replies":[{"embeddable":true,"href":"https:\/\/bogaziciolimpikyuzme.org\/index.php?rest_route=%2Fwp%2Fv2%2Fcomments&post=1480"}],"version-history":[{"count":3,"href":"https:\/\/bogaziciolimpikyuzme.org\/index.php?rest_route=\/wp\/v2\/pages\/1480\/revisions"}],"predecessor-version":[{"id":1489,"href":"https:\/\/bogaziciolimpikyuzme.org\/index.php?rest_route=\/wp\/v2\/pages\/1480\/revisions\/1489"}],"wp:attachment":[{"href":"https:\/\/bogaziciolimpikyuzme.org\/index.php?rest_route=%2Fwp%2Fv2%2Fmedia&parent=1480"}],"curies":[{"name":"wp","href":"https:\/\/api.w.org\/{rel}","templated":true}]}}