{"id":1388,"date":"2023-06-15T10:40:47","date_gmt":"2023-06-15T10:40:47","guid":{"rendered":"https:\/\/bogaziciolimpikyuzme.org\/?page_id=1388"},"modified":"2023-06-15T10:40:47","modified_gmt":"2023-06-15T10:40:47","slug":"2023-b-cekmece-yuzme-yarisi-parkur","status":"publish","type":"page","link":"https:\/\/bogaziciolimpikyuzme.org\/?page_id=1388","title":{"rendered":"2023 B.\u00c7ekmece Y\u00fczme Yar\u0131\u015f\u0131 Parkur"},"content":{"rendered":"\n<figure class=\"wp-block-image size-full\"><img loading=\"lazy\" decoding=\"async\" width=\"541\" height=\"622\" src=\"https:\/\/bogaziciolimpikyuzme.org\/wp-content\/uploads\/2023\/06\/B.Cekmece-Parkur-1.jpeg\" alt=\"\" class=\"wp-image-1390\" srcset=\"https:\/\/bogaziciolimpikyuzme.org\/wp-content\/uploads\/2023\/06\/B.Cekmece-Parkur-1.jpeg 541w, https:\/\/bogaziciolimpikyuzme.org\/wp-content\/uploads\/2023\/06\/B.Cekmece-Parkur-1-261x300.jpeg 261w\" sizes=\"auto, (max-width: 541px) 100vw, 541px\" \/><\/figure>\n","protected":false},"excerpt":{"rendered":"","protected":false},"author":1,"featured_media":0,"parent":0,"menu_order":0,"comment_status":"closed","ping_status":"closed","template":"","meta":{"footnotes":""},"class_list":["post-1388","page","type-page","status-publish","hentry"],"_links":{"self":[{"href":"https:\/\/bogaziciolimpikyuzme.org\/index.php?rest_route=\/wp\/v2\/pages\/1388","targetHints":{"allow":["GET"]}}],"collection":[{"href":"https:\/\/bogaziciolimpikyuzme.org\/index.php?rest_route=\/wp\/v2\/pages"}],"about":[{"href":"https:\/\/bogaziciolimpikyuzme.org\/index.php?rest_route=\/wp\/v2\/types\/page"}],"author":[{"embeddable":true,"href":"https:\/\/bogaziciolimpikyuzme.org\/index.php?rest_route=\/wp\/v2\/users\/1"}],"replies":[{"embeddable":true,"href":"https:\/\/bogaziciolimpikyuzme.org\/index.php?rest_route=%2Fwp%2Fv2%2Fcomments&post=1388"}],"version-history":[{"count":1,"href":"https:\/\/bogaziciolimpikyuzme.org\/index.php?rest_route=\/wp\/v2\/pages\/1388\/revisions"}],"predecessor-version":[{"id":1391,"href":"https:\/\/bogaziciolimpikyuzme.org\/index.php?rest_route=\/wp\/v2\/pages\/1388\/revisions\/1391"}],"wp:attachment":[{"href":"https:\/\/bogaziciolimpikyuzme.org\/index.php?rest_route=%2Fwp%2Fv2%2Fmedia&parent=1388"}],"curies":[{"name":"wp","href":"https:\/\/api.w.org\/{rel}","templated":true}]}}