{"id":1383,"date":"2023-06-15T09:07:54","date_gmt":"2023-06-15T09:07:54","guid":{"rendered":"https:\/\/bogaziciolimpikyuzme.org\/?page_id=1383"},"modified":"2023-06-15T09:07:54","modified_gmt":"2023-06-15T09:07:54","slug":"2023-mudanya-yuzme-yarisi-parkur","status":"publish","type":"page","link":"https:\/\/bogaziciolimpikyuzme.org\/?page_id=1383","title":{"rendered":"2023 Mudanya Y\u00fczme Yar\u0131\u015f\u0131 Parkur"},"content":{"rendered":"\n<figure class=\"wp-block-image size-large\"><img loading=\"lazy\" decoding=\"async\" width=\"1024\" height=\"561\" src=\"https:\/\/bogaziciolimpikyuzme.org\/wp-content\/uploads\/2023\/06\/MUDANYA-KORFEZI-12KM-1024x561.jpg\" alt=\"\" class=\"wp-image-1384\" srcset=\"https:\/\/bogaziciolimpikyuzme.org\/wp-content\/uploads\/2023\/06\/MUDANYA-KORFEZI-12KM-1024x561.jpg 1024w, https:\/\/bogaziciolimpikyuzme.org\/wp-content\/uploads\/2023\/06\/MUDANYA-KORFEZI-12KM-300x164.jpg 300w, https:\/\/bogaziciolimpikyuzme.org\/wp-content\/uploads\/2023\/06\/MUDANYA-KORFEZI-12KM-768x421.jpg 768w, https:\/\/bogaziciolimpikyuzme.org\/wp-content\/uploads\/2023\/06\/MUDANYA-KORFEZI-12KM.jpg 1156w\" sizes=\"auto, (max-width: 1024px) 100vw, 1024px\" \/><\/figure>\n","protected":false},"excerpt":{"rendered":"","protected":false},"author":1,"featured_media":0,"parent":0,"menu_order":0,"comment_status":"closed","ping_status":"closed","template":"","meta":{"footnotes":""},"class_list":["post-1383","page","type-page","status-publish","hentry"],"_links":{"self":[{"href":"https:\/\/bogaziciolimpikyuzme.org\/index.php?rest_route=\/wp\/v2\/pages\/1383","targetHints":{"allow":["GET"]}}],"collection":[{"href":"https:\/\/bogaziciolimpikyuzme.org\/index.php?rest_route=\/wp\/v2\/pages"}],"about":[{"href":"https:\/\/bogaziciolimpikyuzme.org\/index.php?rest_route=\/wp\/v2\/types\/page"}],"author":[{"embeddable":true,"href":"https:\/\/bogaziciolimpikyuzme.org\/index.php?rest_route=\/wp\/v2\/users\/1"}],"replies":[{"embeddable":true,"href":"https:\/\/bogaziciolimpikyuzme.org\/index.php?rest_route=%2Fwp%2Fv2%2Fcomments&post=1383"}],"version-history":[{"count":1,"href":"https:\/\/bogaziciolimpikyuzme.org\/index.php?rest_route=\/wp\/v2\/pages\/1383\/revisions"}],"predecessor-version":[{"id":1385,"href":"https:\/\/bogaziciolimpikyuzme.org\/index.php?rest_route=\/wp\/v2\/pages\/1383\/revisions\/1385"}],"wp:attachment":[{"href":"https:\/\/bogaziciolimpikyuzme.org\/index.php?rest_route=%2Fwp%2Fv2%2Fmedia&parent=1383"}],"curies":[{"name":"wp","href":"https:\/\/api.w.org\/{rel}","templated":true}]}}