{"id":1361,"date":"2023-06-12T17:16:33","date_gmt":"2023-06-12T17:16:33","guid":{"rendered":"https:\/\/bogaziciolimpikyuzme.org\/?page_id=1361"},"modified":"2023-06-12T17:16:33","modified_gmt":"2023-06-12T17:16:33","slug":"b-cekmece-2023-program-ulasim-konaklama","status":"publish","type":"page","link":"https:\/\/bogaziciolimpikyuzme.org\/?page_id=1361","title":{"rendered":"B.\u00c7EKMECE 2023 PROGRAM-ULA\u015eIM-KONAKLAMA"},"content":{"rendered":"\n<div data-wp-interactive=\"core\/file\" class=\"wp-block-file\"><object data-wp-bind--hidden=\"!state.hasPdfPreview\" hidden class=\"wp-block-file__embed\" data=\"https:\/\/bogaziciolimpikyuzme.org\/wp-content\/uploads\/2023\/06\/B.CEKMECE-2023-PROGRAM-ULASIM-KONAKLAMA.pdf\" type=\"application\/pdf\" style=\"width:100%;height:600px\" aria-label=\"B.CEKMECE-2023-PROGRAM-ULASIM-KONAKLAMA g\u00f6m\u00fcs\u00fc.\"><\/object><a id=\"wp-block-file--media-058474d8-10ae-4297-8f7e-23596db794f4\" href=\"https:\/\/bogaziciolimpikyuzme.org\/wp-content\/uploads\/2023\/06\/B.CEKMECE-2023-PROGRAM-ULASIM-KONAKLAMA.pdf\">B.CEKMECE-2023-PROGRAM-ULASIM-KONAKLAMA<\/a><a href=\"https:\/\/bogaziciolimpikyuzme.org\/wp-content\/uploads\/2023\/06\/B.CEKMECE-2023-PROGRAM-ULASIM-KONAKLAMA.pdf\" class=\"wp-block-file__button wp-element-button\" download aria-describedby=\"wp-block-file--media-058474d8-10ae-4297-8f7e-23596db794f4\">\u0130ndir<\/a><\/div>\n","protected":false},"excerpt":{"rendered":"","protected":false},"author":1,"featured_media":0,"parent":0,"menu_order":0,"comment_status":"closed","ping_status":"closed","template":"","meta":{"footnotes":""},"class_list":["post-1361","page","type-page","status-publish","hentry"],"_links":{"self":[{"href":"https:\/\/bogaziciolimpikyuzme.org\/index.php?rest_route=\/wp\/v2\/pages\/1361","targetHints":{"allow":["GET"]}}],"collection":[{"href":"https:\/\/bogaziciolimpikyuzme.org\/index.php?rest_route=\/wp\/v2\/pages"}],"about":[{"href":"https:\/\/bogaziciolimpikyuzme.org\/index.php?rest_route=\/wp\/v2\/types\/page"}],"author":[{"embeddable":true,"href":"https:\/\/bogaziciolimpikyuzme.org\/index.php?rest_route=\/wp\/v2\/users\/1"}],"replies":[{"embeddable":true,"href":"https:\/\/bogaziciolimpikyuzme.org\/index.php?rest_route=%2Fwp%2Fv2%2Fcomments&post=1361"}],"version-history":[{"count":1,"href":"https:\/\/bogaziciolimpikyuzme.org\/index.php?rest_route=\/wp\/v2\/pages\/1361\/revisions"}],"predecessor-version":[{"id":1363,"href":"https:\/\/bogaziciolimpikyuzme.org\/index.php?rest_route=\/wp\/v2\/pages\/1361\/revisions\/1363"}],"wp:attachment":[{"href":"https:\/\/bogaziciolimpikyuzme.org\/index.php?rest_route=%2Fwp%2Fv2%2Fmedia&parent=1361"}],"curies":[{"name":"wp","href":"https:\/\/api.w.org\/{rel}","templated":true}]}}