{"id":1334,"date":"2023-06-03T16:44:18","date_gmt":"2023-06-03T16:44:18","guid":{"rendered":"https:\/\/bogaziciolimpikyuzme.org\/?page_id=1334"},"modified":"2023-06-12T14:57:34","modified_gmt":"2023-06-12T14:57:34","slug":"2023-b-cekmece-reglaman","status":"publish","type":"page","link":"https:\/\/bogaziciolimpikyuzme.org\/?page_id=1334","title":{"rendered":"2023 B.\u00c7ekmece Reglaman"},"content":{"rendered":"\n<div data-wp-interactive=\"core\/file\" class=\"wp-block-file\"><object data-wp-bind--hidden=\"!state.hasPdfPreview\" hidden class=\"wp-block-file__embed\" data=\"https:\/\/bogaziciolimpikyuzme.org\/wp-content\/uploads\/2023\/06\/B.CEKMECE-2023-REGLAMAN_SON.pdf\" type=\"application\/pdf\" style=\"width:100%;height:600px\" aria-label=\"B.CEKMECE-2023-REGLAMAN_SON g\u00f6m\u00fcs\u00fc.\"><\/object><a id=\"wp-block-file--media-34b3ba13-6652-498f-be86-c17acc3bc1a2\" href=\"https:\/\/bogaziciolimpikyuzme.org\/wp-content\/uploads\/2023\/06\/B.CEKMECE-2023-REGLAMAN_SON.pdf\">B.CEKMECE-2023-REGLAMAN_SON<\/a><a href=\"https:\/\/bogaziciolimpikyuzme.org\/wp-content\/uploads\/2023\/06\/B.CEKMECE-2023-REGLAMAN_SON.pdf\" class=\"wp-block-file__button wp-element-button\" download aria-describedby=\"wp-block-file--media-34b3ba13-6652-498f-be86-c17acc3bc1a2\">\u0130ndir<\/a><\/div>\n","protected":false},"excerpt":{"rendered":"","protected":false},"author":1,"featured_media":0,"parent":0,"menu_order":0,"comment_status":"closed","ping_status":"closed","template":"","meta":{"footnotes":""},"class_list":["post-1334","page","type-page","status-publish","hentry"],"_links":{"self":[{"href":"https:\/\/bogaziciolimpikyuzme.org\/index.php?rest_route=\/wp\/v2\/pages\/1334","targetHints":{"allow":["GET"]}}],"collection":[{"href":"https:\/\/bogaziciolimpikyuzme.org\/index.php?rest_route=\/wp\/v2\/pages"}],"about":[{"href":"https:\/\/bogaziciolimpikyuzme.org\/index.php?rest_route=\/wp\/v2\/types\/page"}],"author":[{"embeddable":true,"href":"https:\/\/bogaziciolimpikyuzme.org\/index.php?rest_route=\/wp\/v2\/users\/1"}],"replies":[{"embeddable":true,"href":"https:\/\/bogaziciolimpikyuzme.org\/index.php?rest_route=%2Fwp%2Fv2%2Fcomments&post=1334"}],"version-history":[{"count":4,"href":"https:\/\/bogaziciolimpikyuzme.org\/index.php?rest_route=\/wp\/v2\/pages\/1334\/revisions"}],"predecessor-version":[{"id":1357,"href":"https:\/\/bogaziciolimpikyuzme.org\/index.php?rest_route=\/wp\/v2\/pages\/1334\/revisions\/1357"}],"wp:attachment":[{"href":"https:\/\/bogaziciolimpikyuzme.org\/index.php?rest_route=%2Fwp%2Fv2%2Fmedia&parent=1334"}],"curies":[{"name":"wp","href":"https:\/\/api.w.org\/{rel}","templated":true}]}}