{"id":1203,"date":"2022-05-26T14:02:07","date_gmt":"2022-05-26T14:02:07","guid":{"rendered":"https:\/\/bogaziciolimpikyuzme.org\/?page_id=1203"},"modified":"2022-06-30T12:27:46","modified_gmt":"2022-06-30T12:27:46","slug":"2022-reglaman","status":"publish","type":"page","link":"https:\/\/bogaziciolimpikyuzme.org\/?page_id=1203","title":{"rendered":"2022 Reglaman"},"content":{"rendered":"\n<figure class=\"wp-block-image size-thumbnail\"><img loading=\"lazy\" decoding=\"async\" width=\"150\" height=\"150\" src=\"https:\/\/bogaziciolimpikyuzme.org\/wp-content\/uploads\/2022\/05\/Logo_Son-150x150.jpg\" alt=\"\" class=\"wp-image-1208\"\/><\/figure>\n\n\n\n<div data-wp-interactive=\"core\/file\" class=\"wp-block-file\"><object data-wp-bind--hidden=\"!state.hasPdfPreview\" hidden class=\"wp-block-file__embed\" data=\"https:\/\/bogaziciolimpikyuzme.org\/wp-content\/uploads\/2022\/06\/B.CEKMECE-2022-REGLAMAN.pdf\" type=\"application\/pdf\" style=\"width:100%;height:600px\" aria-label=\"B.CEKMECE-2022-REGLAMAN g\u00f6m\u00fcs\u00fc. g\u00f6m\u00fcs\u00fc.\"><\/object><a id=\"wp-block-file--media-d64de01b-6b2b-44bc-80d9-a0faa708f276\" href=\"https:\/\/bogaziciolimpikyuzme.org\/wp-content\/uploads\/2022\/06\/B.CEKMECE-2022-REGLAMAN.pdf\">B.CEKMECE-2022-REGLAMAN<\/a><a href=\"https:\/\/bogaziciolimpikyuzme.org\/wp-content\/uploads\/2022\/06\/B.CEKMECE-2022-REGLAMAN.pdf\" class=\"wp-block-file__button\" download aria-describedby=\"wp-block-file--media-d64de01b-6b2b-44bc-80d9-a0faa708f276\">\u0130ndir<\/a><\/div>\n","protected":false},"excerpt":{"rendered":"","protected":false},"author":1,"featured_media":0,"parent":0,"menu_order":0,"comment_status":"closed","ping_status":"closed","template":"","meta":{"footnotes":""},"class_list":["post-1203","page","type-page","status-publish","hentry"],"_links":{"self":[{"href":"https:\/\/bogaziciolimpikyuzme.org\/index.php?rest_route=\/wp\/v2\/pages\/1203","targetHints":{"allow":["GET"]}}],"collection":[{"href":"https:\/\/bogaziciolimpikyuzme.org\/index.php?rest_route=\/wp\/v2\/pages"}],"about":[{"href":"https:\/\/bogaziciolimpikyuzme.org\/index.php?rest_route=\/wp\/v2\/types\/page"}],"author":[{"embeddable":true,"href":"https:\/\/bogaziciolimpikyuzme.org\/index.php?rest_route=\/wp\/v2\/users\/1"}],"replies":[{"embeddable":true,"href":"https:\/\/bogaziciolimpikyuzme.org\/index.php?rest_route=%2Fwp%2Fv2%2Fcomments&post=1203"}],"version-history":[{"count":5,"href":"https:\/\/bogaziciolimpikyuzme.org\/index.php?rest_route=\/wp\/v2\/pages\/1203\/revisions"}],"predecessor-version":[{"id":1251,"href":"https:\/\/bogaziciolimpikyuzme.org\/index.php?rest_route=\/wp\/v2\/pages\/1203\/revisions\/1251"}],"wp:attachment":[{"href":"https:\/\/bogaziciolimpikyuzme.org\/index.php?rest_route=%2Fwp%2Fv2%2Fmedia&parent=1203"}],"curies":[{"name":"wp","href":"https:\/\/api.w.org\/{rel}","templated":true}]}}