{"id":1004,"date":"2021-10-27T11:59:28","date_gmt":"2021-10-27T11:59:28","guid":{"rendered":"https:\/\/bogaziciolimpikyuzme.org\/?page_id=1004"},"modified":"2022-09-19T13:21:19","modified_gmt":"2022-09-19T13:21:19","slug":"iskenderun-acik-deniz-yuzme-maraton-sonuclari","status":"publish","type":"page","link":"https:\/\/bogaziciolimpikyuzme.org\/?page_id=1004","title":{"rendered":"2021 &#8211; \u0130skenderun A\u00e7\u0131k Deniz Y\u00fczme Maraton Sonu\u00e7lar\u0131"},"content":{"rendered":"\n<p><\/p>\n\n\n\n<p><\/p>\n\n\n\n<p><strong>\u0130SKENDERUN K\u00d6RFEZ\u0130 A\u00c7IK DEN\u0130Z Y\u00dcZME MARATONU 38 KM 23.10.2021<\/strong><\/p>\n\n\n\n<p>BA\u015eARDIK&#8230;.<\/p>\n\n\n\n<p>\u00dclkemize Uluslaras\u0131 d\u00fczeyde \u00e7ok prestijli bir parkur kazand\u0131rd\u0131k..<\/p>\n\n\n\n<p><strong>\u00dcmit Kemal Cengiz..12 saat 47 dakika 13 saniyede tamamlad\u0131.<\/strong><\/p>\n\n\n\n<p><strong>Emre Seven 16 saat 2 dakika 29 saniyede tamamlad\u0131.<\/strong><\/p>\n\n\n\n<p>Allah CC binlerce defa \u015f\u00fck\u00fcrler olsun..<\/p>\n\n\n\n<p><\/p>\n\n\n\n<figure class=\"wp-block-image size-large\"><img decoding=\"async\" src=\"http:\/\/bogaziciolimpikyuzme.org\/wp-content\/uploads\/2021\/10\/WhatsApp-Image-2021-10-26-at-22.33.29-1024x576.jpeg\" alt=\"\" class=\"wp-image-1001\"\/><\/figure>\n\n\n\n<p><a href=\"https:\/\/www.haberler.com\/spor-1-iskenderun-korfezi-acik-deniz-yuzme-maratonu-14482217-haberi\/\">https:\/\/www.haberler.com\/spor-1-iskenderun-korfezi-acik-deniz-yuzme-maratonu-14482217-haberi\/<\/a><\/p>\n","protected":false},"excerpt":{"rendered":"<p>\u0130SKENDERUN K\u00d6RFEZ\u0130 A\u00c7IK DEN\u0130Z Y\u00dcZME MARATONU 38 KM 23.10.2021 BA\u015eARDIK&#8230;. \u00dclkemize Uluslaras\u0131 d\u00fczeyde \u00e7ok prestijli bir parkur kazand\u0131rd\u0131k.. \u00dcmit Kemal Cengiz..12 saat 47 dakika 13 saniyede tamamlad\u0131. Emre Seven 16 saat 2 dakika 29 saniyede tamamlad\u0131. Allah CC binlerce defa \u015f\u00fck\u00fcrler olsun.. https:\/\/www.haberler.com\/spor-1-iskenderun-korfezi-acik-deniz-yuzme-maratonu-14482217-haberi\/<\/p>\n","protected":false},"author":1,"featured_media":0,"parent":0,"menu_order":0,"comment_status":"closed","ping_status":"closed","template":"","meta":{"footnotes":""},"class_list":["post-1004","page","type-page","status-publish","hentry"],"_links":{"self":[{"href":"https:\/\/bogaziciolimpikyuzme.org\/index.php?rest_route=\/wp\/v2\/pages\/1004","targetHints":{"allow":["GET"]}}],"collection":[{"href":"https:\/\/bogaziciolimpikyuzme.org\/index.php?rest_route=\/wp\/v2\/pages"}],"about":[{"href":"https:\/\/bogaziciolimpikyuzme.org\/index.php?rest_route=\/wp\/v2\/types\/page"}],"author":[{"embeddable":true,"href":"https:\/\/bogaziciolimpikyuzme.org\/index.php?rest_route=\/wp\/v2\/users\/1"}],"replies":[{"embeddable":true,"href":"https:\/\/bogaziciolimpikyuzme.org\/index.php?rest_route=%2Fwp%2Fv2%2Fcomments&post=1004"}],"version-history":[{"count":1,"href":"https:\/\/bogaziciolimpikyuzme.org\/index.php?rest_route=\/wp\/v2\/pages\/1004\/revisions"}],"predecessor-version":[{"id":1289,"href":"https:\/\/bogaziciolimpikyuzme.org\/index.php?rest_route=\/wp\/v2\/pages\/1004\/revisions\/1289"}],"wp:attachment":[{"href":"https:\/\/bogaziciolimpikyuzme.org\/index.php?rest_route=%2Fwp%2Fv2%2Fmedia&parent=1004"}],"curies":[{"name":"wp","href":"https:\/\/api.w.org\/{rel}","templated":true}]}}